{"id":1763,"date":"2023-10-04T13:51:35","date_gmt":"2023-10-04T11:51:35","guid":{"rendered":"https:\/\/weidemanagement.ch\/seminaire\/"},"modified":"2026-02-25T09:13:46","modified_gmt":"2026-02-25T08:13:46","slug":"seminaire","status":"publish","type":"page","link":"https:\/\/weidemanagement.ch\/fr\/seminaire\/","title":{"rendered":"S\u00e9minaire"},"content":{"rendered":"<div  class='flex_column av-av_two_third-41ee899840124b6993b57a87f996c353 av_two_third  avia-builder-el-0  avia-builder-el-no-sibling  first flex_column_div  '     ><p><section  class='av_textblock_section av-lwrukcoc-14a91f9291349506e3ea7484999f154e '   itemscope=\"itemscope\" itemtype=\"https:\/\/schema.org\/CreativeWork\" ><div class='avia_textblock'  itemprop=\"text\" ><p><b><strong>\u00c9v\u00e9nement en ligne, exp\u00e9riences et solutions pour g\u00e9rer les diff\u00e9rentes utilisations (agriculture, sentiers de randonn\u00e9e, pistes cyclables), 23 f\u00e9vrier 2026 \u2013 Programme et expos\u00e9s<\/strong><\/b><\/p>\n<ul>\n<li><a href=\"https:\/\/weidemanagement.ch\/wp-content\/uploads\/2026\/02\/Programm-1.pdf\">Programme<\/a><\/li>\n<li><a href=\"https:\/\/weidemanagement.ch\/wp-content\/uploads\/2026\/02\/260223_Folien-01_Schweizer-Wanderwege.pdf\">Sentiers de randonn\u00e9e \u2013 Pietro Cattaneo, Suisse Rando<\/a><\/li>\n<li><a href=\"https:\/\/weidemanagement.ch\/wp-content\/uploads\/2026\/02\/260223_Folien-02_Schweiz-Mobil.pdf\">Mobilit\u00e9 douce\/v\u00e9lo \u2013 Alice B\u00f6gli, SUISSE MOBILE<\/a><\/li>\n<li><a href=\"https:\/\/weidemanagement.ch\/wp-content\/uploads\/2026\/02\/260223_Folien-03_BUL.pdf\">Pr\u00e9vention des accidents dans l&rsquo;agriculture \u2013 Ruben Wyttenbach, BUL<\/a><\/li>\n<li><a href=\"https:\/\/weidemanagement.ch\/wp-content\/uploads\/2026\/02\/260223_Folien-04_Tourismus.pdf\">Projet : le tourisme et le retour des grands pr\u00e9dateurs \u2013 Claudio F\u00f6hn, Arosa Tourisme<\/a><\/li>\n<li><a href=\"https:\/\/weidemanagement.ch\/wp-content\/uploads\/2026\/02\/CP.SAB_.Gestion-paturages.pdf\">Communiqu\u00e9 de presse du 25.02.2026<\/a><\/li>\n<\/ul>\n<\/div><\/section><br \/>\n\n<style type=\"text\/css\" data-created_by=\"avia_inline_auto\" id=\"style-css-av-mm0azcrt-37c3b264d0c5f03917dc852eba130b90\">\n#top .hr.hr-invisible.av-mm0azcrt-37c3b264d0c5f03917dc852eba130b90{\nheight:30px;\n}\n<\/style>\n<div  class='hr av-mm0azcrt-37c3b264d0c5f03917dc852eba130b90 hr-invisible  avia-builder-el-2  el_after_av_textblock  el_before_av_textblock '><span class='hr-inner '><span class=\"hr-inner-style\"><\/span><\/span><\/div><br \/>\n<section  class='av_textblock_section av-mm0ay30i-8c6fcdb0ddce58532203ebb0d23823d0 '   itemscope=\"itemscope\" itemtype=\"https:\/\/schema.org\/CreativeWork\" ><div class='avia_textblock'  itemprop=\"text\" ><p><strong>Conf\u00e9rence num\u00e9rique sur les chiens de protection des troupeaux, 29 mai 2024 de 13h15 \u00e0 15h00<\/strong><\/p>\n<p><a href=\"https:\/\/weidemanagement.ch\/wp-content\/uploads\/2024\/05\/240529-_Einladung-online-Meeting-Dialogplattform.pdf\"> <br class=\"avia-permanent-lb\" \/>Programme et invitation<\/a><\/p>\n<p><strong>Protection des troupeaux &#8211; nouvelles r\u00e8gles<\/strong><\/p>\n<ul>\n<li><a href=\"https:\/\/weidemanagement.ch\/wp-content\/uploads\/2024\/05\/240529_Dialogplattform_HSH_fha.pdf\">Point de vue de la protection des troupeaux en Suisse- Felix Hahn, AGRIDEA<\/a><\/li>\n<li><a href=\"https:\/\/weidemanagement.ch\/wp-content\/uploads\/2024\/05\/SAVHundeGR.pdf\">Point de vue de la protection cantonale des troupeaux &#8211; Jan Boner, Herdenschutz GR Plantahof<\/a><\/li>\n<li><a href=\"https:\/\/weidemanagement.ch\/wp-content\/uploads\/2024\/05\/Dilogplattform_Herdenschutzhunde_neue_Regeln_29.05.2024-BUL_hf.pdf\">Point de vue du Service de pr\u00e9vention des accidents dans l&rsquo;agriculture &#8211; Heinz Feldmann, SPAA<\/a><\/li>\n<\/ul>\n<\/div><\/section><br \/>\n\n<style type=\"text\/css\" data-created_by=\"avia_inline_auto\" id=\"style-css-av-av_hr-2b922b97f229a78c6eef973f22181172\">\n#top .hr.hr-invisible.av-av_hr-2b922b97f229a78c6eef973f22181172{\nheight:30px;\n}\n<\/style>\n<div  class='hr av-av_hr-2b922b97f229a78c6eef973f22181172 hr-invisible  avia-builder-el-4  el_after_av_textblock  el_before_av_textblock '><span class='hr-inner '><span class=\"hr-inner-style\"><\/span><\/span><\/div><br \/>\n<section  class='av_textblock_section av-mm0ax2lc-4ef968383dcb3b3be89e1d686432c596 '   itemscope=\"itemscope\" itemtype=\"https:\/\/schema.org\/CreativeWork\" ><div class='avia_textblock'  itemprop=\"text\" ><p><strong>Conf\u00e9rence de mi-parcours du 30.11.2023 &#8211; <\/strong>\u00a0<strong>programme et pr\u00e9sentations<\/strong><\/p>\n<ul>\n<li><a href=\"https:\/\/weidemanagement.ch\/wp-content\/uploads\/2023\/10\/Einladung_MidTermConference_def2.pdf\">Programme<\/a><\/li>\n<li><a href=\"https:\/\/weidemanagement.ch\/wp-content\/uploads\/2023\/12\/231130_Dialogplattform_PCattaneo.pdf\" target=\"_blank\" rel=\"noreferrer noopener\">Probl\u00e8mes entre chiens de protection et randonneurs : bilan ;<br \/>\nS\u00e9parer les chemins de randonn\u00e9e d\u2019avec les p\u00e2turages &#8211; selon l&rsquo;exemple issu d&rsquo;un projet<\/a><\/li>\n<li><a href=\"https:\/\/weidemanagement.ch\/wp-content\/uploads\/2023\/12\/231130_Dialogplattform_FBrand.pdf\">Grands pr\u00e9dateurs et bovins &#8211; Changement de comportement des loups et solutions au niveau cantonal<\/a><\/li>\n<li><a href=\"https:\/\/weidemanagement.ch\/wp-content\/uploads\/2023\/12\/231130_Dialogplattform_ThCaduff.pdf\">Soziale Aspekte der Wolfspr\u00e4senz \u2013 Studie \u00ab\u00a0Burnout in der Landwirtschaft\u00a0\u00bb von Thomas Caduff in Zusammenarbeit mit dem B\u00fcndner Bauernverband<\/a><\/li>\n<li><a href=\"https:\/\/weidemanagement.ch\/wp-content\/uploads\/2023\/12\/233011_Dialogplattform_HSchnider.pdf\">Exp\u00e9riences issues des communes et possibilit\u00e9s d&rsquo;action<\/a><\/li>\n<li><a href=\"https:\/\/weidemanagement.ch\/wp-content\/uploads\/2023\/12\/231130_Dialogplattform_NBlatter.pdf\">Dialogue au niveau cantonal : l&rsquo;exemple du canton de Berne<\/a><\/li>\n<li><a href=\"https:\/\/weidemanagement.ch\/wp-content\/uploads\/2023\/12\/231130_Dialogforum_HGahr.pdf\">Gestion du loup et solutions possibles au Tyrol<\/a><\/li>\n<\/ul>\n<\/div><\/section><\/p><\/div>\n","protected":false},"excerpt":{"rendered":"","protected":false},"author":4,"featured_media":0,"parent":0,"menu_order":0,"comment_status":"closed","ping_status":"closed","template":"","meta":{"footnotes":""},"class_list":["post-1763","page","type-page","status-publish","hentry"],"yoast_head":"<!-- This site is optimized with the Yoast SEO plugin v27.4 - https:\/\/yoast.com\/product\/yoast-seo-wordpress\/ -->\n<title>S\u00e9minaire - weidemanagement.ch<\/title>\n<meta name=\"robots\" content=\"index, follow, max-snippet:-1, max-image-preview:large, max-video-preview:-1\" \/>\n<link rel=\"canonical\" href=\"https:\/\/weidemanagement.ch\/fr\/seminaire\/\" \/>\n<meta property=\"og:locale\" content=\"fr_FR\" \/>\n<meta property=\"og:type\" content=\"article\" \/>\n<meta property=\"og:title\" content=\"S\u00e9minaire - weidemanagement.ch\" \/>\n<meta property=\"og:url\" content=\"https:\/\/weidemanagement.ch\/fr\/seminaire\/\" \/>\n<meta property=\"og:site_name\" content=\"weidemanagement.ch\" \/>\n<meta property=\"article:modified_time\" content=\"2026-02-25T08:13:46+00:00\" \/>\n<meta name=\"twitter:card\" content=\"summary_large_image\" \/>\n<meta name=\"twitter:label1\" content=\"Dur\u00e9e de lecture estim\u00e9e\" \/>\n\t<meta name=\"twitter:data1\" content=\"2 minutes\" \/>\n<script type=\"application\/ld+json\" class=\"yoast-schema-graph\">{\"@context\":\"https:\\\/\\\/schema.org\",\"@graph\":[{\"@type\":\"WebPage\",\"@id\":\"https:\\\/\\\/weidemanagement.ch\\\/fr\\\/seminaire\\\/\",\"url\":\"https:\\\/\\\/weidemanagement.ch\\\/fr\\\/seminaire\\\/\",\"name\":\"S\u00e9minaire - weidemanagement.ch\",\"isPartOf\":{\"@id\":\"https:\\\/\\\/weidemanagement.ch\\\/fr\\\/#website\"},\"datePublished\":\"2023-10-04T11:51:35+00:00\",\"dateModified\":\"2026-02-25T08:13:46+00:00\",\"breadcrumb\":{\"@id\":\"https:\\\/\\\/weidemanagement.ch\\\/fr\\\/seminaire\\\/#breadcrumb\"},\"inLanguage\":\"fr-FR\",\"potentialAction\":[{\"@type\":\"ReadAction\",\"target\":[\"https:\\\/\\\/weidemanagement.ch\\\/fr\\\/seminaire\\\/\"]}]},{\"@type\":\"BreadcrumbList\",\"@id\":\"https:\\\/\\\/weidemanagement.ch\\\/fr\\\/seminaire\\\/#breadcrumb\",\"itemListElement\":[{\"@type\":\"ListItem\",\"position\":1,\"name\":\"Startseite\",\"item\":\"https:\\\/\\\/weidemanagement.ch\\\/fr\\\/home\\\/\"},{\"@type\":\"ListItem\",\"position\":2,\"name\":\"S\u00e9minaire\"}]},{\"@type\":\"WebSite\",\"@id\":\"https:\\\/\\\/weidemanagement.ch\\\/fr\\\/#website\",\"url\":\"https:\\\/\\\/weidemanagement.ch\\\/fr\\\/\",\"name\":\"weidemanagement.ch\",\"description\":\"\",\"potentialAction\":[{\"@type\":\"SearchAction\",\"target\":{\"@type\":\"EntryPoint\",\"urlTemplate\":\"https:\\\/\\\/weidemanagement.ch\\\/fr\\\/?s={search_term_string}\"},\"query-input\":{\"@type\":\"PropertyValueSpecification\",\"valueRequired\":true,\"valueName\":\"search_term_string\"}}],\"inLanguage\":\"fr-FR\"}]}<\/script>\n<!-- \/ Yoast SEO plugin. -->","yoast_head_json":{"title":"S\u00e9minaire - weidemanagement.ch","robots":{"index":"index","follow":"follow","max-snippet":"max-snippet:-1","max-image-preview":"max-image-preview:large","max-video-preview":"max-video-preview:-1"},"canonical":"https:\/\/weidemanagement.ch\/fr\/seminaire\/","og_locale":"fr_FR","og_type":"article","og_title":"S\u00e9minaire - weidemanagement.ch","og_url":"https:\/\/weidemanagement.ch\/fr\/seminaire\/","og_site_name":"weidemanagement.ch","article_modified_time":"2026-02-25T08:13:46+00:00","twitter_card":"summary_large_image","twitter_misc":{"Dur\u00e9e de lecture estim\u00e9e":"2 minutes"},"schema":{"@context":"https:\/\/schema.org","@graph":[{"@type":"WebPage","@id":"https:\/\/weidemanagement.ch\/fr\/seminaire\/","url":"https:\/\/weidemanagement.ch\/fr\/seminaire\/","name":"S\u00e9minaire - weidemanagement.ch","isPartOf":{"@id":"https:\/\/weidemanagement.ch\/fr\/#website"},"datePublished":"2023-10-04T11:51:35+00:00","dateModified":"2026-02-25T08:13:46+00:00","breadcrumb":{"@id":"https:\/\/weidemanagement.ch\/fr\/seminaire\/#breadcrumb"},"inLanguage":"fr-FR","potentialAction":[{"@type":"ReadAction","target":["https:\/\/weidemanagement.ch\/fr\/seminaire\/"]}]},{"@type":"BreadcrumbList","@id":"https:\/\/weidemanagement.ch\/fr\/seminaire\/#breadcrumb","itemListElement":[{"@type":"ListItem","position":1,"name":"Startseite","item":"https:\/\/weidemanagement.ch\/fr\/home\/"},{"@type":"ListItem","position":2,"name":"S\u00e9minaire"}]},{"@type":"WebSite","@id":"https:\/\/weidemanagement.ch\/fr\/#website","url":"https:\/\/weidemanagement.ch\/fr\/","name":"weidemanagement.ch","description":"","potentialAction":[{"@type":"SearchAction","target":{"@type":"EntryPoint","urlTemplate":"https:\/\/weidemanagement.ch\/fr\/?s={search_term_string}"},"query-input":{"@type":"PropertyValueSpecification","valueRequired":true,"valueName":"search_term_string"}}],"inLanguage":"fr-FR"}]}},"_links":{"self":[{"href":"https:\/\/weidemanagement.ch\/fr\/wp-json\/wp\/v2\/pages\/1763","targetHints":{"allow":["GET"]}}],"collection":[{"href":"https:\/\/weidemanagement.ch\/fr\/wp-json\/wp\/v2\/pages"}],"about":[{"href":"https:\/\/weidemanagement.ch\/fr\/wp-json\/wp\/v2\/types\/page"}],"author":[{"embeddable":true,"href":"https:\/\/weidemanagement.ch\/fr\/wp-json\/wp\/v2\/users\/4"}],"replies":[{"embeddable":true,"href":"https:\/\/weidemanagement.ch\/fr\/wp-json\/wp\/v2\/comments?post=1763"}],"version-history":[{"count":23,"href":"https:\/\/weidemanagement.ch\/fr\/wp-json\/wp\/v2\/pages\/1763\/revisions"}],"predecessor-version":[{"id":2098,"href":"https:\/\/weidemanagement.ch\/fr\/wp-json\/wp\/v2\/pages\/1763\/revisions\/2098"}],"wp:attachment":[{"href":"https:\/\/weidemanagement.ch\/fr\/wp-json\/wp\/v2\/media?parent=1763"}],"curies":[{"name":"wp","href":"https:\/\/api.w.org\/{rel}","templated":true}]}}