{"id":809,"date":"2023-05-10T11:14:10","date_gmt":"2023-05-10T09:14:10","guid":{"rendered":"https:\/\/neu.weidemanagement.ch\/le-loup-en-suisse\/"},"modified":"2023-12-13T13:16:35","modified_gmt":"2023-12-13T12:16:35","slug":"le-loup-en-suisse","status":"publish","type":"page","link":"https:\/\/weidemanagement.ch\/fr\/le-loup-en-suisse\/","title":{"rendered":"Le loup en Suisse"},"content":{"rendered":"<div id='av_section_1'  class='avia-section av-kbufzd3s-dd428f854b73db9c732bdb3b761e163e main_color avia-section-default avia-shadow  avia-builder-el-0  avia-builder-el-no-sibling  avia-bg-style-scroll container_wrap fullsize'  ><div class='container av-section-cont-open' ><main  role=\"main\" itemprop=\"mainContentOfPage\"  class='template-page content  av-content-full alpha units'><div class='post-entry post-entry-type-page post-entry-809'><div class='entry-content-wrapper clearfix'>\n\n<style type=\"text\/css\" data-created_by=\"avia_inline_auto\" id=\"style-css-av-38q1-59d4a1d61c1719c885de0a85685ce4ed\">\n.flex_column.av-38q1-59d4a1d61c1719c885de0a85685ce4ed{\nborder-radius:0px 0px 0px 0px;\npadding:0px 0px 0px 0px;\n}\n<\/style>\n<div  class='flex_column av-38q1-59d4a1d61c1719c885de0a85685ce4ed av_two_third  avia-builder-el-1  el_before_av_one_third  avia-builder-el-first  first flex_column_div av-zero-column-padding  '     ><section  class='av_textblock_section av-lhhndjz4-d2297f6d8667b2e64389d1f7643d5621 '   itemscope=\"itemscope\" itemtype=\"https:\/\/schema.org\/CreativeWork\" ><div class='avia_textblock'  itemprop=\"text\" ><h1>Le loup en Suisse<\/h1>\n<\/div><\/section><br \/>\n\n<style type=\"text\/css\" data-created_by=\"avia_inline_auto\" id=\"style-css-av-lhhnd6pk-d937bd2d64be0be1ed8d76a9cdb76939\">\n#top .hr.hr-invisible.av-lhhnd6pk-d937bd2d64be0be1ed8d76a9cdb76939{\nheight:50px;\n}\n<\/style>\n<div  class='hr av-lhhnd6pk-d937bd2d64be0be1ed8d76a9cdb76939 hr-invisible  avia-builder-el-3  el_after_av_textblock  el_before_av_textblock '><span class='hr-inner '><span class=\"hr-inner-style\"><\/span><\/span><\/div><br \/>\n<section  class='av_textblock_section av-jxk41cbl-a1fc1525f09076e0644c7e0771550ccd '   itemscope=\"itemscope\" itemtype=\"https:\/\/schema.org\/CreativeWork\" ><div class='avia_textblock'  itemprop=\"text\" ><p><strong>S\u00e9lection de documents importants<\/strong><\/p>\n<ul>\n<li><a href=\"https:\/\/weidemanagement.ch\/wp-content\/uploads\/2023\/12\/231130_Dialogplattform_ThCaduff.pdf\" target=\"_blank\" rel=\"noopener\">Th. Caduff, Union des paysans des Grisons et de la HES du Nord-Ouest de la Suisse, 30.11.23: Aspects sociaux li\u00e9s \u00e0 la pr\u00e9sence du loup &#8211; \u00e9tude sur le burnout,<\/a><br \/>\n<a href=\"_wp_link_placeholder\"> pr\u00e9sentation (en allemand)<\/a><\/li>\n<li><a href=\"https:\/\/weidemanagement.ch\/wp-content\/uploads\/2023\/05\/202302-Schweizer-Jaeger-Wolfsschutz-demoliert-Naturschutz.pdf\" target=\"_blank\" rel=\"noopener\">Schweizer J\u00e4ger, f\u00e9vrier 2023 : La protection du loup d\u00e9molit la protection de la nature, rapport de presse (en allemand)<\/a><\/li>\n<li><a href=\"https:\/\/weidemanagement.ch\/wp-content\/uploads\/2023\/05\/221117-Rueckblick_Alpsommer2022_Agridea.pdf\" target=\"_blank\" rel=\"noopener\">Agridea, plate-forme de dialogue du 17.11.2022: R\u00e9trospective de la saison d&rsquo;alpage 2022, pr\u00e9sentation (an allemand)<\/a><\/li>\n<li><a href=\"https:\/\/weidemanagement.ch\/wp-content\/uploads\/2023\/05\/Dialogplattform-vom-20.10.21_Rueckblick-auf-den-Alpsommer-2021_Praesentationen.pdf\" target=\"_blank\" rel=\"noopener\">Plate-forme de dialogue du 20.10.2021: R\u00e9trospective de la saison s&rsquo;alpage 2021, pr\u00e9sentation (en allemand)<\/a><\/li>\n<li><a href=\"https:\/\/www.kora.ch\/de\/projekte\/wolf\/abgeschlossene-projekte\/25-jahre-wolf-in-der-schweiz-%E2%80%93-eine-zwischenbilanz\" target=\"_blank\" rel=\"noopener\">KORA, 2020: 25 ans de pr\u00e9sence du loup en Suisse, bilan interm\u00e9diaire<\/a><a href=\"\/Users\/selina.droz\/Downloads\/1655888780-KORA_Bericht_91_D_25_Jahre_Wolf_in_der_Schweiz_(1)-2.pdf\" target=\"_blank\" rel=\"noopener\">z<\/a><\/li>\n<\/ul>\n<p><strong>Informations compl\u00e9mentaires:<\/strong><\/p>\n<ul>\n<li><a href=\"https:\/\/www.kora.ch\/de\/\" target=\"_blank\" rel=\"noopener\">Fondation KORA, Raubtier\u00f6kologie und Wildtiermanagement<\/a><\/li>\n<li><a href=\"https:\/\/www.protectiondestroupeaux.ch\/de\/\" target=\"_blank\" rel=\"noopener\">AGRIDEA, Protection des troupeaux<\/a><\/li>\n<li><a href=\"https:\/\/www.bafu.admin.ch\/bafu\/de\/home\/themen\/biodiversitaet\/fachinformationen\/erhaltung-und-foerderung-von-arten\/grossraubtiere\/wolf.html\" target=\"_blank\" rel=\"noopener\">OFEV: Le loup<\/a><\/li>\n<\/ul>\n<\/div><\/section><\/p><\/div>\n<style type=\"text\/css\" data-created_by=\"avia_inline_auto\" id=\"style-css-av-15j1g-5b52576f955449716617c1149b79c79a\">\n.flex_column.av-15j1g-5b52576f955449716617c1149b79c79a{\nborder-radius:0px 0px 0px 0px;\npadding:0px 0px 0px 0px;\n}\n<\/style>\n<div  class='flex_column av-15j1g-5b52576f955449716617c1149b79c79a av_one_third  avia-builder-el-5  el_after_av_two_third  avia-builder-el-last  flex_column_div av-zero-column-padding  '     ><style type=\"text\/css\" data-created_by=\"avia_inline_auto\" id=\"style-css-av-kbug0brj-fad643935bec0081c4d626eb5d99edb7\">\n.avia-image-container.av-kbug0brj-fad643935bec0081c4d626eb5d99edb7 img.avia_image{\nbox-shadow:none;\n}\n.avia-image-container.av-kbug0brj-fad643935bec0081c4d626eb5d99edb7 .av-image-caption-overlay-center{\ncolor:#ffffff;\n}\n<\/style>\n<div  class='avia-image-container av-kbug0brj-fad643935bec0081c4d626eb5d99edb7 av-styling- av-img-linked avia-align-center  avia-builder-el-6  avia-builder-el-no-sibling '   itemprop=\"image\" itemscope=\"itemscope\" itemtype=\"https:\/\/schema.org\/ImageObject\" ><div class=\"avia-image-container-inner\"><div class=\"avia-image-overlay-wrap\"><img decoding=\"async\" fetchpriority=\"high\" class='wp-image- avia-img-lazy-loading-not- avia_image ' src=\"https:\/\/weidemanagement.ch\/wp-content\/themes\/enfold\/config-templatebuilder\/avia-template-builder\/images\/placeholder.jpg\" alt='' title=''   itemprop=\"thumbnailUrl\"  \/><\/div><\/div><\/div><\/div>\n","protected":false},"excerpt":{"rendered":"","protected":false},"author":4,"featured_media":0,"parent":0,"menu_order":0,"comment_status":"closed","ping_status":"open","template":"","meta":{"footnotes":""},"class_list":["post-809","page","type-page","status-publish","hentry"],"yoast_head":"<!-- This site is optimized with the Yoast SEO plugin v27.4 - https:\/\/yoast.com\/product\/yoast-seo-wordpress\/ -->\n<title>Le loup en Suisse - weidemanagement.ch<\/title>\n<meta name=\"robots\" content=\"index, follow, max-snippet:-1, max-image-preview:large, max-video-preview:-1\" \/>\n<link rel=\"canonical\" href=\"https:\/\/weidemanagement.ch\/fr\/le-loup-en-suisse\/\" \/>\n<meta property=\"og:locale\" content=\"fr_FR\" \/>\n<meta property=\"og:type\" content=\"article\" \/>\n<meta property=\"og:title\" content=\"Le loup en Suisse - weidemanagement.ch\" \/>\n<meta property=\"og:url\" content=\"https:\/\/weidemanagement.ch\/fr\/le-loup-en-suisse\/\" \/>\n<meta property=\"og:site_name\" content=\"weidemanagement.ch\" \/>\n<meta property=\"article:modified_time\" content=\"2023-12-13T12:16:35+00:00\" \/>\n<meta name=\"twitter:card\" content=\"summary_large_image\" \/>\n<meta name=\"twitter:label1\" content=\"Dur\u00e9e de lecture estim\u00e9e\" \/>\n\t<meta name=\"twitter:data1\" content=\"2 minutes\" \/>\n<script type=\"application\/ld+json\" class=\"yoast-schema-graph\">{\"@context\":\"https:\\\/\\\/schema.org\",\"@graph\":[{\"@type\":\"WebPage\",\"@id\":\"https:\\\/\\\/weidemanagement.ch\\\/fr\\\/le-loup-en-suisse\\\/\",\"url\":\"https:\\\/\\\/weidemanagement.ch\\\/fr\\\/le-loup-en-suisse\\\/\",\"name\":\"Le loup en Suisse - weidemanagement.ch\",\"isPartOf\":{\"@id\":\"https:\\\/\\\/weidemanagement.ch\\\/fr\\\/#website\"},\"datePublished\":\"2023-05-10T09:14:10+00:00\",\"dateModified\":\"2023-12-13T12:16:35+00:00\",\"breadcrumb\":{\"@id\":\"https:\\\/\\\/weidemanagement.ch\\\/fr\\\/le-loup-en-suisse\\\/#breadcrumb\"},\"inLanguage\":\"fr-FR\",\"potentialAction\":[{\"@type\":\"ReadAction\",\"target\":[\"https:\\\/\\\/weidemanagement.ch\\\/fr\\\/le-loup-en-suisse\\\/\"]}]},{\"@type\":\"BreadcrumbList\",\"@id\":\"https:\\\/\\\/weidemanagement.ch\\\/fr\\\/le-loup-en-suisse\\\/#breadcrumb\",\"itemListElement\":[{\"@type\":\"ListItem\",\"position\":1,\"name\":\"Startseite\",\"item\":\"https:\\\/\\\/weidemanagement.ch\\\/fr\\\/home\\\/\"},{\"@type\":\"ListItem\",\"position\":2,\"name\":\"Le loup en Suisse\"}]},{\"@type\":\"WebSite\",\"@id\":\"https:\\\/\\\/weidemanagement.ch\\\/fr\\\/#website\",\"url\":\"https:\\\/\\\/weidemanagement.ch\\\/fr\\\/\",\"name\":\"weidemanagement.ch\",\"description\":\"\",\"potentialAction\":[{\"@type\":\"SearchAction\",\"target\":{\"@type\":\"EntryPoint\",\"urlTemplate\":\"https:\\\/\\\/weidemanagement.ch\\\/fr\\\/?s={search_term_string}\"},\"query-input\":{\"@type\":\"PropertyValueSpecification\",\"valueRequired\":true,\"valueName\":\"search_term_string\"}}],\"inLanguage\":\"fr-FR\"}]}<\/script>\n<!-- \/ Yoast SEO plugin. -->","yoast_head_json":{"title":"Le loup en Suisse - weidemanagement.ch","robots":{"index":"index","follow":"follow","max-snippet":"max-snippet:-1","max-image-preview":"max-image-preview:large","max-video-preview":"max-video-preview:-1"},"canonical":"https:\/\/weidemanagement.ch\/fr\/le-loup-en-suisse\/","og_locale":"fr_FR","og_type":"article","og_title":"Le loup en Suisse - weidemanagement.ch","og_url":"https:\/\/weidemanagement.ch\/fr\/le-loup-en-suisse\/","og_site_name":"weidemanagement.ch","article_modified_time":"2023-12-13T12:16:35+00:00","twitter_card":"summary_large_image","twitter_misc":{"Dur\u00e9e de lecture estim\u00e9e":"2 minutes"},"schema":{"@context":"https:\/\/schema.org","@graph":[{"@type":"WebPage","@id":"https:\/\/weidemanagement.ch\/fr\/le-loup-en-suisse\/","url":"https:\/\/weidemanagement.ch\/fr\/le-loup-en-suisse\/","name":"Le loup en Suisse - weidemanagement.ch","isPartOf":{"@id":"https:\/\/weidemanagement.ch\/fr\/#website"},"datePublished":"2023-05-10T09:14:10+00:00","dateModified":"2023-12-13T12:16:35+00:00","breadcrumb":{"@id":"https:\/\/weidemanagement.ch\/fr\/le-loup-en-suisse\/#breadcrumb"},"inLanguage":"fr-FR","potentialAction":[{"@type":"ReadAction","target":["https:\/\/weidemanagement.ch\/fr\/le-loup-en-suisse\/"]}]},{"@type":"BreadcrumbList","@id":"https:\/\/weidemanagement.ch\/fr\/le-loup-en-suisse\/#breadcrumb","itemListElement":[{"@type":"ListItem","position":1,"name":"Startseite","item":"https:\/\/weidemanagement.ch\/fr\/home\/"},{"@type":"ListItem","position":2,"name":"Le loup en Suisse"}]},{"@type":"WebSite","@id":"https:\/\/weidemanagement.ch\/fr\/#website","url":"https:\/\/weidemanagement.ch\/fr\/","name":"weidemanagement.ch","description":"","potentialAction":[{"@type":"SearchAction","target":{"@type":"EntryPoint","urlTemplate":"https:\/\/weidemanagement.ch\/fr\/?s={search_term_string}"},"query-input":{"@type":"PropertyValueSpecification","valueRequired":true,"valueName":"search_term_string"}}],"inLanguage":"fr-FR"}]}},"_links":{"self":[{"href":"https:\/\/weidemanagement.ch\/fr\/wp-json\/wp\/v2\/pages\/809","targetHints":{"allow":["GET"]}}],"collection":[{"href":"https:\/\/weidemanagement.ch\/fr\/wp-json\/wp\/v2\/pages"}],"about":[{"href":"https:\/\/weidemanagement.ch\/fr\/wp-json\/wp\/v2\/types\/page"}],"author":[{"embeddable":true,"href":"https:\/\/weidemanagement.ch\/fr\/wp-json\/wp\/v2\/users\/4"}],"replies":[{"embeddable":true,"href":"https:\/\/weidemanagement.ch\/fr\/wp-json\/wp\/v2\/comments?post=809"}],"version-history":[{"count":27,"href":"https:\/\/weidemanagement.ch\/fr\/wp-json\/wp\/v2\/pages\/809\/revisions"}],"predecessor-version":[{"id":1852,"href":"https:\/\/weidemanagement.ch\/fr\/wp-json\/wp\/v2\/pages\/809\/revisions\/1852"}],"wp:attachment":[{"href":"https:\/\/weidemanagement.ch\/fr\/wp-json\/wp\/v2\/media?parent=809"}],"curies":[{"name":"wp","href":"https:\/\/api.w.org\/{rel}","templated":true}]}}