{"id":815,"date":"2023-05-10T11:26:19","date_gmt":"2023-05-10T09:26:19","guid":{"rendered":"https:\/\/neu.weidemanagement.ch\/protection-des-troupeaux-dans-les-cantons\/"},"modified":"2023-12-13T13:31:53","modified_gmt":"2023-12-13T12:31:53","slug":"protection-des-troupeaux-dans-les-cantons","status":"publish","type":"page","link":"https:\/\/weidemanagement.ch\/fr\/protection-des-troupeaux-dans-les-cantons\/","title":{"rendered":"Protection des troupeaux dans les cantons"},"content":{"rendered":"<div id='av_section_1'  class='avia-section av-kbufzd3s-dd428f854b73db9c732bdb3b761e163e main_color avia-section-default avia-shadow  avia-builder-el-0  avia-builder-el-no-sibling  avia-bg-style-scroll container_wrap fullsize'  ><div class='container av-section-cont-open' ><main  role=\"main\" itemprop=\"mainContentOfPage\"  class='template-page content  av-content-full alpha units'><div class='post-entry post-entry-type-page post-entry-815'><div class='entry-content-wrapper clearfix'>\n\n<style type=\"text\/css\" data-created_by=\"avia_inline_auto\" id=\"style-css-av-38q1-59d4a1d61c1719c885de0a85685ce4ed\">\n.flex_column.av-38q1-59d4a1d61c1719c885de0a85685ce4ed{\nborder-radius:0px 0px 0px 0px;\npadding:0px 0px 0px 0px;\n}\n<\/style>\n<div  class='flex_column av-38q1-59d4a1d61c1719c885de0a85685ce4ed av_two_third  avia-builder-el-1  el_before_av_one_third  avia-builder-el-first  first flex_column_div av-zero-column-padding  '     ><section  class='av_textblock_section av-lhhn10j8-a6c5c8cb693583e5400a7f871e805373 '   itemscope=\"itemscope\" itemtype=\"https:\/\/schema.org\/CreativeWork\" ><div class='avia_textblock'  itemprop=\"text\" ><h2>Protection des troupeaux dans les cantons<\/h2>\n<\/div><\/section><br \/>\n\n<style type=\"text\/css\" data-created_by=\"avia_inline_auto\" id=\"style-css-av-lhhn1gw5-7578e651b5e3d8e615a87c63caa9653b\">\n#top .hr.hr-invisible.av-lhhn1gw5-7578e651b5e3d8e615a87c63caa9653b{\nheight:50px;\n}\n<\/style>\n<div  class='hr av-lhhn1gw5-7578e651b5e3d8e615a87c63caa9653b hr-invisible  avia-builder-el-3  el_after_av_textblock  el_before_av_textblock '><span class='hr-inner '><span class=\"hr-inner-style\"><\/span><\/span><\/div><br \/>\n<section  class='av_textblock_section av-jxk41cbl-a1fc1525f09076e0644c7e0771550ccd '   itemscope=\"itemscope\" itemtype=\"https:\/\/schema.org\/CreativeWork\" ><div class='avia_textblock'  itemprop=\"text\" ><h2><\/h2>\n<p><strong>Documents<\/strong><\/p>\n<ul>\n<li><a href=\"https:\/\/weidemanagement.ch\/wp-content\/uploads\/2023\/12\/231130_Dialogplattform_FBrand.pdf\" target=\"_blank\" rel=\"noopener\">Fr\u00e9d\u00e9ric Brand, Etat de Vaud, 30.11.2023: Grands pr\u00e9dateurs et bovins &#8211; Changement de comportement des loups et solutions au niveau cantonal, pr\u00e9sentation<\/a><\/li>\n<li><a href=\"https:\/\/weidemanagement.ch\/wp-content\/uploads\/2023\/11\/23-EXP-03P-06.06.23-3-Fiches-informatives-protection-troupeaux.pdf\" target=\"_blank\" rel=\"noopener\">Proconseil, 2023: catalogue des mesures dans le canton de Vaud, fiche technique<\/a><\/li>\n<li><a href=\"https:\/\/weidemanagement.ch\/wp-content\/uploads\/2023\/05\/SAB_Dialogplattform-vom-17.3.22_Umfrage-Herdenschutz.pdf\" target=\"_blank\" rel=\"noopener\">SAB, plate-forme de dialogue du 17.3.22: Sondage sur la protection des troupeaux, pr\u00e9sentation des r\u00e9sultats (en allemand)<\/a><\/li>\n<li><a href=\"https:\/\/weidemanagement.ch\/wp-content\/uploads\/2023\/05\/SAB-Dialogplattform-vom-17.3.22_Herdenschutz_Organisation_Kantone.pdf\" target=\"_blank\" rel=\"noopener\">SAB, plate-forme de dialogue du17.3.22: Organisation de la gestion des grands pr\u00e9dateurs dans les cantons, exemples de bonnes pratiques (en allemand)<\/a><\/li>\n<li><a href=\"https:\/\/weidemanagement.ch\/wp-content\/uploads\/2023\/05\/Dialogplattform-Herdenschutz-Info-17.03.2022-gujtoe.pdf\" target=\"_blank\" rel=\"noopener\">Plantahof (GR), Plate-forme de dialogue du 17.3.22: Organisation des Grosstiermanagements im Kanton GR, pr\u00e9sentation (en allemand)<\/a><\/li>\n<li><a href=\"https:\/\/weidemanagement.ch\/wp-content\/uploads\/2023\/05\/20220317-PP-Herdenschutz-RKGK.pdf\" target=\"_blank\" rel=\"noopener\">CGCA, Plate-forme de dialogue du 17.3.22: sch\u00fctzbare &#8211; nicht sch\u00fctzbare Alpen, pr\u00e9sentation (en allemand)<\/a><\/li>\n<li><a href=\"https:\/\/weidemanagement.ch\/wp-content\/uploads\/2023\/05\/SAB_Bericht_-Organisationsform-der-Kantone-003.pdf\" target=\"_blank\" rel=\"noopener\">SAB, 2022: Organisation de la gestion des grands pr\u00e9dateurs dans les cantons, rapport (en allemand)<\/a><\/li>\n<li><a href=\"https:\/\/weidemanagement.ch\/wp-content\/uploads\/2023\/05\/Agridea_Alpplanung-Kleinviehalpen_AI.pdf\" target=\"_blank\" rel=\"noopener\">Agridea, 2020: Herdenschutz Kleinviehalpen im Kanton AI, Alpplanung (en allemand)<\/a><\/li>\n<li><a href=\"https:\/\/weidemanagement.ch\/wp-content\/uploads\/2023\/05\/Landwirtschaftsamt-Kanton-AI_Kantonale-Foerderung-von-Herdenschutzmassnahmen-2021-2022-Merkblatt.pdf\" target=\"_blank\" rel=\"noopener\">Landwirtschaftsamt des Kantons AI, 2021-2022: Kantonale Unterst\u00fctzung von Herdenschutzmassnahmen (en allemand)<\/a><\/li>\n<\/ul>\n<\/div><\/section><\/p><\/div><div  class='flex_column av-72rlw-a43819d18fc4d7010c6841039ad3dd8c av_one_third  avia-builder-el-5  el_after_av_two_third  avia-builder-el-last  flex_column_div  '     ><style type=\"text\/css\" data-created_by=\"avia_inline_auto\" id=\"style-css-av-liu8khaq-758febad2db49dc919c2a54a360ed471\">\n.avia-image-container.av-liu8khaq-758febad2db49dc919c2a54a360ed471 img.avia_image{\nbox-shadow:none;\n}\n.avia-image-container.av-liu8khaq-758febad2db49dc919c2a54a360ed471 .av-image-caption-overlay-center{\ncolor:#ffffff;\n}\n<\/style>\n<div  class='avia-image-container av-liu8khaq-758febad2db49dc919c2a54a360ed471 av-styling- avia-align-center  avia-builder-el-6  avia-builder-el-no-sibling '   itemprop=\"image\" itemscope=\"itemscope\" itemtype=\"https:\/\/schema.org\/ImageObject\" ><div class=\"avia-image-container-inner\"><div class=\"avia-image-overlay-wrap\"><img decoding=\"async\" fetchpriority=\"high\" class='wp-image-1692 avia-img-lazy-loading-not-1692 avia_image ' src=\"https:\/\/weidemanagement.ch\/wp-content\/uploads\/2023\/06\/Herdenschutz_Nachtpferch-SAV-1024x768.jpg\" alt='' title='Herdenschutz_Nachtpferch (SAV)'  height=\"768\" width=\"1024\"  itemprop=\"thumbnailUrl\" srcset=\"https:\/\/weidemanagement.ch\/wp-content\/uploads\/2023\/06\/Herdenschutz_Nachtpferch-SAV-1024x768.jpg 1024w, https:\/\/weidemanagement.ch\/wp-content\/uploads\/2023\/06\/Herdenschutz_Nachtpferch-SAV-1440x1080.jpg 1440w, https:\/\/weidemanagement.ch\/wp-content\/uploads\/2023\/06\/Herdenschutz_Nachtpferch-SAV-768x576.jpg 768w, https:\/\/weidemanagement.ch\/wp-content\/uploads\/2023\/06\/Herdenschutz_Nachtpferch-SAV-1536x1152.jpg 1536w, https:\/\/weidemanagement.ch\/wp-content\/uploads\/2023\/06\/Herdenschutz_Nachtpferch-SAV-2048x1536.jpg 2048w, https:\/\/weidemanagement.ch\/wp-content\/uploads\/2023\/06\/Herdenschutz_Nachtpferch-SAV-1500x1125.jpg 1500w, https:\/\/weidemanagement.ch\/wp-content\/uploads\/2023\/06\/Herdenschutz_Nachtpferch-SAV-705x529.jpg 705w\" sizes=\"(max-width: 1024px) 100vw, 1024px\" \/><\/div><\/div><\/div><\/div>\n","protected":false},"excerpt":{"rendered":"","protected":false},"author":4,"featured_media":0,"parent":0,"menu_order":0,"comment_status":"closed","ping_status":"closed","template":"","meta":{"footnotes":""},"class_list":["post-815","page","type-page","status-publish","hentry"],"yoast_head":"<!-- This site is optimized with the Yoast SEO plugin v27.4 - https:\/\/yoast.com\/product\/yoast-seo-wordpress\/ -->\n<title>Protection des troupeaux dans les cantons - weidemanagement.ch<\/title>\n<meta name=\"robots\" content=\"index, follow, max-snippet:-1, max-image-preview:large, max-video-preview:-1\" \/>\n<link rel=\"canonical\" href=\"https:\/\/weidemanagement.ch\/fr\/protection-des-troupeaux-dans-les-cantons\/\" \/>\n<meta property=\"og:locale\" content=\"fr_FR\" \/>\n<meta property=\"og:type\" content=\"article\" \/>\n<meta property=\"og:title\" content=\"Protection des troupeaux dans les cantons - weidemanagement.ch\" \/>\n<meta property=\"og:url\" content=\"https:\/\/weidemanagement.ch\/fr\/protection-des-troupeaux-dans-les-cantons\/\" \/>\n<meta property=\"og:site_name\" content=\"weidemanagement.ch\" \/>\n<meta property=\"article:modified_time\" content=\"2023-12-13T12:31:53+00:00\" \/>\n<meta name=\"twitter:card\" content=\"summary_large_image\" \/>\n<meta name=\"twitter:label1\" content=\"Dur\u00e9e de lecture estim\u00e9e\" \/>\n\t<meta name=\"twitter:data1\" content=\"3 minutes\" \/>\n<script type=\"application\/ld+json\" class=\"yoast-schema-graph\">{\"@context\":\"https:\\\/\\\/schema.org\",\"@graph\":[{\"@type\":\"WebPage\",\"@id\":\"https:\\\/\\\/weidemanagement.ch\\\/fr\\\/protection-des-troupeaux-dans-les-cantons\\\/\",\"url\":\"https:\\\/\\\/weidemanagement.ch\\\/fr\\\/protection-des-troupeaux-dans-les-cantons\\\/\",\"name\":\"Protection des troupeaux dans les cantons - weidemanagement.ch\",\"isPartOf\":{\"@id\":\"https:\\\/\\\/weidemanagement.ch\\\/fr\\\/#website\"},\"datePublished\":\"2023-05-10T09:26:19+00:00\",\"dateModified\":\"2023-12-13T12:31:53+00:00\",\"breadcrumb\":{\"@id\":\"https:\\\/\\\/weidemanagement.ch\\\/fr\\\/protection-des-troupeaux-dans-les-cantons\\\/#breadcrumb\"},\"inLanguage\":\"fr-FR\",\"potentialAction\":[{\"@type\":\"ReadAction\",\"target\":[\"https:\\\/\\\/weidemanagement.ch\\\/fr\\\/protection-des-troupeaux-dans-les-cantons\\\/\"]}]},{\"@type\":\"BreadcrumbList\",\"@id\":\"https:\\\/\\\/weidemanagement.ch\\\/fr\\\/protection-des-troupeaux-dans-les-cantons\\\/#breadcrumb\",\"itemListElement\":[{\"@type\":\"ListItem\",\"position\":1,\"name\":\"Startseite\",\"item\":\"https:\\\/\\\/weidemanagement.ch\\\/fr\\\/home\\\/\"},{\"@type\":\"ListItem\",\"position\":2,\"name\":\"Protection des troupeaux dans les cantons\"}]},{\"@type\":\"WebSite\",\"@id\":\"https:\\\/\\\/weidemanagement.ch\\\/fr\\\/#website\",\"url\":\"https:\\\/\\\/weidemanagement.ch\\\/fr\\\/\",\"name\":\"weidemanagement.ch\",\"description\":\"\",\"potentialAction\":[{\"@type\":\"SearchAction\",\"target\":{\"@type\":\"EntryPoint\",\"urlTemplate\":\"https:\\\/\\\/weidemanagement.ch\\\/fr\\\/?s={search_term_string}\"},\"query-input\":{\"@type\":\"PropertyValueSpecification\",\"valueRequired\":true,\"valueName\":\"search_term_string\"}}],\"inLanguage\":\"fr-FR\"}]}<\/script>\n<!-- \/ Yoast SEO plugin. -->","yoast_head_json":{"title":"Protection des troupeaux dans les cantons - weidemanagement.ch","robots":{"index":"index","follow":"follow","max-snippet":"max-snippet:-1","max-image-preview":"max-image-preview:large","max-video-preview":"max-video-preview:-1"},"canonical":"https:\/\/weidemanagement.ch\/fr\/protection-des-troupeaux-dans-les-cantons\/","og_locale":"fr_FR","og_type":"article","og_title":"Protection des troupeaux dans les cantons - weidemanagement.ch","og_url":"https:\/\/weidemanagement.ch\/fr\/protection-des-troupeaux-dans-les-cantons\/","og_site_name":"weidemanagement.ch","article_modified_time":"2023-12-13T12:31:53+00:00","twitter_card":"summary_large_image","twitter_misc":{"Dur\u00e9e de lecture estim\u00e9e":"3 minutes"},"schema":{"@context":"https:\/\/schema.org","@graph":[{"@type":"WebPage","@id":"https:\/\/weidemanagement.ch\/fr\/protection-des-troupeaux-dans-les-cantons\/","url":"https:\/\/weidemanagement.ch\/fr\/protection-des-troupeaux-dans-les-cantons\/","name":"Protection des troupeaux dans les cantons - weidemanagement.ch","isPartOf":{"@id":"https:\/\/weidemanagement.ch\/fr\/#website"},"datePublished":"2023-05-10T09:26:19+00:00","dateModified":"2023-12-13T12:31:53+00:00","breadcrumb":{"@id":"https:\/\/weidemanagement.ch\/fr\/protection-des-troupeaux-dans-les-cantons\/#breadcrumb"},"inLanguage":"fr-FR","potentialAction":[{"@type":"ReadAction","target":["https:\/\/weidemanagement.ch\/fr\/protection-des-troupeaux-dans-les-cantons\/"]}]},{"@type":"BreadcrumbList","@id":"https:\/\/weidemanagement.ch\/fr\/protection-des-troupeaux-dans-les-cantons\/#breadcrumb","itemListElement":[{"@type":"ListItem","position":1,"name":"Startseite","item":"https:\/\/weidemanagement.ch\/fr\/home\/"},{"@type":"ListItem","position":2,"name":"Protection des troupeaux dans les cantons"}]},{"@type":"WebSite","@id":"https:\/\/weidemanagement.ch\/fr\/#website","url":"https:\/\/weidemanagement.ch\/fr\/","name":"weidemanagement.ch","description":"","potentialAction":[{"@type":"SearchAction","target":{"@type":"EntryPoint","urlTemplate":"https:\/\/weidemanagement.ch\/fr\/?s={search_term_string}"},"query-input":{"@type":"PropertyValueSpecification","valueRequired":true,"valueName":"search_term_string"}}],"inLanguage":"fr-FR"}]}},"_links":{"self":[{"href":"https:\/\/weidemanagement.ch\/fr\/wp-json\/wp\/v2\/pages\/815","targetHints":{"allow":["GET"]}}],"collection":[{"href":"https:\/\/weidemanagement.ch\/fr\/wp-json\/wp\/v2\/pages"}],"about":[{"href":"https:\/\/weidemanagement.ch\/fr\/wp-json\/wp\/v2\/types\/page"}],"author":[{"embeddable":true,"href":"https:\/\/weidemanagement.ch\/fr\/wp-json\/wp\/v2\/users\/4"}],"replies":[{"embeddable":true,"href":"https:\/\/weidemanagement.ch\/fr\/wp-json\/wp\/v2\/comments?post=815"}],"version-history":[{"count":32,"href":"https:\/\/weidemanagement.ch\/fr\/wp-json\/wp\/v2\/pages\/815\/revisions"}],"predecessor-version":[{"id":1880,"href":"https:\/\/weidemanagement.ch\/fr\/wp-json\/wp\/v2\/pages\/815\/revisions\/1880"}],"wp:attachment":[{"href":"https:\/\/weidemanagement.ch\/fr\/wp-json\/wp\/v2\/media?parent=815"}],"curies":[{"name":"wp","href":"https:\/\/api.w.org\/{rel}","templated":true}]}}