{"id":818,"date":"2023-05-10T11:23:22","date_gmt":"2023-05-10T09:23:22","guid":{"rendered":"https:\/\/neu.weidemanagement.ch\/chiens-de-protection\/"},"modified":"2024-05-29T15:31:32","modified_gmt":"2024-05-29T13:31:32","slug":"chiens-de-protection","status":"publish","type":"page","link":"https:\/\/weidemanagement.ch\/fr\/chiens-de-protection\/","title":{"rendered":"Chiens de protection"},"content":{"rendered":"<div id='av_section_1'  class='avia-section av-kbufzd3s-dd428f854b73db9c732bdb3b761e163e main_color avia-section-default avia-shadow  avia-builder-el-0  avia-builder-el-no-sibling  avia-bg-style-scroll container_wrap fullsize'  ><div class='container av-section-cont-open' ><main  role=\"main\" itemprop=\"mainContentOfPage\"  class='template-page content  av-content-full alpha units'><div class='post-entry post-entry-type-page post-entry-818'><div class='entry-content-wrapper clearfix'>\n\n<style type=\"text\/css\" data-created_by=\"avia_inline_auto\" id=\"style-css-av-38q1-59d4a1d61c1719c885de0a85685ce4ed\">\n.flex_column.av-38q1-59d4a1d61c1719c885de0a85685ce4ed{\nborder-radius:0px 0px 0px 0px;\npadding:0px 0px 0px 0px;\n}\n<\/style>\n<div  class='flex_column av-38q1-59d4a1d61c1719c885de0a85685ce4ed av_two_third  avia-builder-el-1  el_before_av_one_third  avia-builder-el-first  first flex_column_div av-zero-column-padding  '     ><section  class='av_textblock_section av-lhhn99t1-747d1426261bfda8961dc6331ec56bcd '   itemscope=\"itemscope\" itemtype=\"https:\/\/schema.org\/CreativeWork\" ><div class='avia_textblock'  itemprop=\"text\" ><h2>Chiens de protection<\/h2>\n<\/div><\/section><br \/>\n\n<style type=\"text\/css\" data-created_by=\"avia_inline_auto\" id=\"style-css-av-lhhn9nsi-922ae0dbb2352b003f68a28e36b99c61\">\n#top .hr.hr-invisible.av-lhhn9nsi-922ae0dbb2352b003f68a28e36b99c61{\nheight:50px;\n}\n<\/style>\n<div  class='hr av-lhhn9nsi-922ae0dbb2352b003f68a28e36b99c61 hr-invisible  avia-builder-el-3  el_after_av_textblock  el_before_av_textblock '><span class='hr-inner '><span class=\"hr-inner-style\"><\/span><\/span><\/div><br \/>\n<section  class='av_textblock_section av-jxk41cbl-a1fc1525f09076e0644c7e0771550ccd '   itemscope=\"itemscope\" itemtype=\"https:\/\/schema.org\/CreativeWork\" ><div class='avia_textblock'  itemprop=\"text\" ><h2><\/h2>\n<p><strong>Documents<\/strong><\/p>\n<ul>\n<li><a href=\"https:\/\/weidemanagement.ch\/wp-content\/uploads\/2023\/05\/Agridea_Konfliktmanagement-Herdenschutzhunde.pdf\" target=\"_blank\" rel=\"noopener\">Agridea: Gestion de conflits li\u00e9s \u00e0 l&rsquo;utilisation de chiens de protection des troupeaux, guide pratique<\/a><\/li>\n<li><a href=\"https:\/\/weidemanagement.ch\/wp-content\/uploads\/2023\/05\/Agridea_Besucherlenkungstafeln-Herdenschutzhunde.pdf\" target=\"_blank\" rel=\"noopener\">Agridea : Panneaux d&rsquo;information sur la pr\u00e9sence de chiens de protection des troupeaux, fiche technique<\/a><\/li>\n<li><a href=\"https:\/\/map.geo.admin.ch\/?topic=bafu&#038;lang=de&#038;bgLayer=ch.swisstopo.pixelkarte-grau&#038;catalogNodes=766,767,804,806&#038;layers=ch.bafu.alpweiden-herdenschutzhunde&#038;layers_opacity=0.5\" target=\"_blank\" rel=\"noopener\">map.geo.admin: Carte des alpages prot\u00e9g\u00e9s par des chiens<\/a><\/li>\n<li><a href=\"https:\/\/www.bafu.admin.ch\/bafu\/de\/home\/themen\/biodiversitaet\/dossiers\/herdenschutzhunde.html#-648832615\" target=\"_blank\" rel=\"noopener\">OFEV : Chiens de protection des troupeaux sur les alpages, conseils sur le comportement \u00e0 adopter<\/a><\/li>\n<li><a href=\"https:\/\/www.protectiondestroupeaux.ch\/fr\/planification-et-vulgarisation\/projets\/studie-hsh-tourismus\/\" target=\"_blank\" rel=\"noopener\">ZHAW:\u00a0Les chien de protection des troupeaux et les touristes font plut\u00f4t bon m\u00e9nage, \u00e9tude<\/a><\/li>\n<li><a href=\"https:\/\/www.schweizer-wanderwege.ch\/de\/wandern\/unterwegs\/tiere#page-section-2\" target=\"_blank\" rel=\"noopener\">Suisse Rando : Rencontres avec des chiens de protection, conseils<\/a><\/li>\n<li><a href=\"https:\/\/chwolf.org\/woelfe-in-der-schweiz\/herdenschutz\/verhaltensregeln-hsh\" target=\"_blank\" rel=\"noopener\">CHWOLF: Verhaltensregeln in Gebieten mit Herdenschutzhunden (en allemand)<\/a><\/li>\n<li><a href=\"https:\/\/www.youtube.com\/watch?v=cj30f6HYXtY&#038;t=285s\" target=\"_blank\" rel=\"noopener\">Agridea: Le bon comportement face aux chiens de protection des troupeaux, film de formation<\/a><\/li>\n<\/ul>\n<\/div><\/section><\/p><\/div><div  class='flex_column av-bax86-d90af3ffd3341347664aa5d9b7e7e798 av_one_third  avia-builder-el-5  el_after_av_two_third  el_before_av_two_third  flex_column_div  '     ><style type=\"text\/css\" data-created_by=\"avia_inline_auto\" id=\"style-css-av-lhq71ibq-58e76fb96118a06db477f046c19544a9\">\n.avia-image-container.av-lhq71ibq-58e76fb96118a06db477f046c19544a9 img.avia_image{\nbox-shadow:none;\n}\n.avia-image-container.av-lhq71ibq-58e76fb96118a06db477f046c19544a9 .av-image-caption-overlay-center{\ncolor:#ffffff;\n}\n<\/style>\n<div  class='avia-image-container av-lhq71ibq-58e76fb96118a06db477f046c19544a9 av-styling- avia-align-center  avia-builder-el-6  avia-builder-el-no-sibling '   itemprop=\"image\" itemscope=\"itemscope\" itemtype=\"https:\/\/schema.org\/ImageObject\" ><div class=\"avia-image-container-inner\"><div class=\"avia-image-overlay-wrap\"><img decoding=\"async\" fetchpriority=\"high\" class='wp-image-659 avia-img-lazy-loading-not-659 avia_image ' src=\"https:\/\/weidemanagement.ch\/wp-content\/uploads\/2023\/05\/Herdenschutzhunde-Agridea-1024x768.jpg\" alt='' title='OLYMPUS DIGITAL CAMERA'  height=\"768\" width=\"1024\"  itemprop=\"thumbnailUrl\" srcset=\"https:\/\/weidemanagement.ch\/wp-content\/uploads\/2023\/05\/Herdenschutzhunde-Agridea-1024x768.jpg 1024w, https:\/\/weidemanagement.ch\/wp-content\/uploads\/2023\/05\/Herdenschutzhunde-Agridea-1440x1080.jpg 1440w, https:\/\/weidemanagement.ch\/wp-content\/uploads\/2023\/05\/Herdenschutzhunde-Agridea-768x576.jpg 768w, https:\/\/weidemanagement.ch\/wp-content\/uploads\/2023\/05\/Herdenschutzhunde-Agridea-1536x1152.jpg 1536w, https:\/\/weidemanagement.ch\/wp-content\/uploads\/2023\/05\/Herdenschutzhunde-Agridea-2048x1536.jpg 2048w, https:\/\/weidemanagement.ch\/wp-content\/uploads\/2023\/05\/Herdenschutzhunde-Agridea-1500x1125.jpg 1500w, https:\/\/weidemanagement.ch\/wp-content\/uploads\/2023\/05\/Herdenschutzhunde-Agridea-705x529.jpg 705w\" sizes=\"(max-width: 1024px) 100vw, 1024px\" \/><\/div><\/div><\/div><\/div><div  class='flex_column av-av_two_third-41ee899840124b6993b57a87f996c353 av_two_third  avia-builder-el-7  el_after_av_one_third  avia-builder-el-last  first flex_column_div  column-top-margin'     ><section  class='av_textblock_section av-lwruo168-d52bca74856dc74d686d1dfd25d1ab2e '   itemscope=\"itemscope\" itemtype=\"https:\/\/schema.org\/CreativeWork\" ><div class='avia_textblock'  itemprop=\"text\" ><p><strong>Conf\u00e9rence num\u00e9rique sur les chiens de protection des troupeaux, 29 mai 2024\u00a0<\/strong><\/p>\n<p><a href=\"https:\/\/weidemanagement.ch\/wp-content\/uploads\/2024\/05\/240529-_Einladung-online-Meeting-Dialogplattform.pdf\"><br class=\"avia-permanent-lb\" \/>Programme et invitation<\/a><\/p>\n<p>a)\u00a0<a href=\"https:\/\/weidemanagement.ch\/wp-content\/uploads\/2024\/05\/240529_Dialogplattform_HSH_fha.pdf\">Point de vue de la protection des troupeaux en Suisse- Felix Hahn, AGRIDEA<\/a><\/p>\n<p>b)\u00a0<a href=\"https:\/\/weidemanagement.ch\/wp-content\/uploads\/2024\/05\/SAVHundeGR.pdf\">Point de vue de la protection cantonale des troupeaux \u2013 Jan Boner, Herdenschutz GR Plantahof<\/a><\/p>\n<p>c)\u00a0<a href=\"https:\/\/weidemanagement.ch\/wp-content\/uploads\/2024\/05\/Dilogplattform_Herdenschutzhunde_neue_Regeln_29.05.2024-BUL_hf.pdf\">Point de vue du Service de pr\u00e9vention des accidents dans l\u2019agriculture \u2013 Heinz Feldmann, SPAA<\/a><\/p>\n<\/div><\/section><\/div>\n","protected":false},"excerpt":{"rendered":"","protected":false},"author":4,"featured_media":0,"parent":0,"menu_order":0,"comment_status":"closed","ping_status":"closed","template":"","meta":{"footnotes":""},"class_list":["post-818","page","type-page","status-publish","hentry"],"yoast_head":"<!-- This site is optimized with the Yoast SEO plugin v27.4 - https:\/\/yoast.com\/product\/yoast-seo-wordpress\/ -->\n<title>Chiens de protection - weidemanagement.ch<\/title>\n<meta name=\"robots\" content=\"index, follow, max-snippet:-1, max-image-preview:large, max-video-preview:-1\" \/>\n<link rel=\"canonical\" href=\"https:\/\/weidemanagement.ch\/fr\/chiens-de-protection\/\" \/>\n<meta property=\"og:locale\" content=\"fr_FR\" \/>\n<meta property=\"og:type\" content=\"article\" \/>\n<meta property=\"og:title\" content=\"Chiens de protection - weidemanagement.ch\" \/>\n<meta property=\"og:url\" content=\"https:\/\/weidemanagement.ch\/fr\/chiens-de-protection\/\" \/>\n<meta property=\"og:site_name\" content=\"weidemanagement.ch\" \/>\n<meta property=\"article:modified_time\" content=\"2024-05-29T13:31:32+00:00\" \/>\n<meta name=\"twitter:card\" content=\"summary_large_image\" \/>\n<meta name=\"twitter:label1\" content=\"Dur\u00e9e de lecture estim\u00e9e\" \/>\n\t<meta name=\"twitter:data1\" content=\"2 minutes\" \/>\n<script type=\"application\/ld+json\" class=\"yoast-schema-graph\">{\"@context\":\"https:\\\/\\\/schema.org\",\"@graph\":[{\"@type\":\"WebPage\",\"@id\":\"https:\\\/\\\/weidemanagement.ch\\\/fr\\\/chiens-de-protection\\\/\",\"url\":\"https:\\\/\\\/weidemanagement.ch\\\/fr\\\/chiens-de-protection\\\/\",\"name\":\"Chiens de protection - weidemanagement.ch\",\"isPartOf\":{\"@id\":\"https:\\\/\\\/weidemanagement.ch\\\/fr\\\/#website\"},\"datePublished\":\"2023-05-10T09:23:22+00:00\",\"dateModified\":\"2024-05-29T13:31:32+00:00\",\"breadcrumb\":{\"@id\":\"https:\\\/\\\/weidemanagement.ch\\\/fr\\\/chiens-de-protection\\\/#breadcrumb\"},\"inLanguage\":\"fr-FR\",\"potentialAction\":[{\"@type\":\"ReadAction\",\"target\":[\"https:\\\/\\\/weidemanagement.ch\\\/fr\\\/chiens-de-protection\\\/\"]}]},{\"@type\":\"BreadcrumbList\",\"@id\":\"https:\\\/\\\/weidemanagement.ch\\\/fr\\\/chiens-de-protection\\\/#breadcrumb\",\"itemListElement\":[{\"@type\":\"ListItem\",\"position\":1,\"name\":\"Startseite\",\"item\":\"https:\\\/\\\/weidemanagement.ch\\\/fr\\\/home\\\/\"},{\"@type\":\"ListItem\",\"position\":2,\"name\":\"Chiens de protection\"}]},{\"@type\":\"WebSite\",\"@id\":\"https:\\\/\\\/weidemanagement.ch\\\/fr\\\/#website\",\"url\":\"https:\\\/\\\/weidemanagement.ch\\\/fr\\\/\",\"name\":\"weidemanagement.ch\",\"description\":\"\",\"potentialAction\":[{\"@type\":\"SearchAction\",\"target\":{\"@type\":\"EntryPoint\",\"urlTemplate\":\"https:\\\/\\\/weidemanagement.ch\\\/fr\\\/?s={search_term_string}\"},\"query-input\":{\"@type\":\"PropertyValueSpecification\",\"valueRequired\":true,\"valueName\":\"search_term_string\"}}],\"inLanguage\":\"fr-FR\"}]}<\/script>\n<!-- \/ Yoast SEO plugin. -->","yoast_head_json":{"title":"Chiens de protection - weidemanagement.ch","robots":{"index":"index","follow":"follow","max-snippet":"max-snippet:-1","max-image-preview":"max-image-preview:large","max-video-preview":"max-video-preview:-1"},"canonical":"https:\/\/weidemanagement.ch\/fr\/chiens-de-protection\/","og_locale":"fr_FR","og_type":"article","og_title":"Chiens de protection - weidemanagement.ch","og_url":"https:\/\/weidemanagement.ch\/fr\/chiens-de-protection\/","og_site_name":"weidemanagement.ch","article_modified_time":"2024-05-29T13:31:32+00:00","twitter_card":"summary_large_image","twitter_misc":{"Dur\u00e9e de lecture estim\u00e9e":"2 minutes"},"schema":{"@context":"https:\/\/schema.org","@graph":[{"@type":"WebPage","@id":"https:\/\/weidemanagement.ch\/fr\/chiens-de-protection\/","url":"https:\/\/weidemanagement.ch\/fr\/chiens-de-protection\/","name":"Chiens de protection - weidemanagement.ch","isPartOf":{"@id":"https:\/\/weidemanagement.ch\/fr\/#website"},"datePublished":"2023-05-10T09:23:22+00:00","dateModified":"2024-05-29T13:31:32+00:00","breadcrumb":{"@id":"https:\/\/weidemanagement.ch\/fr\/chiens-de-protection\/#breadcrumb"},"inLanguage":"fr-FR","potentialAction":[{"@type":"ReadAction","target":["https:\/\/weidemanagement.ch\/fr\/chiens-de-protection\/"]}]},{"@type":"BreadcrumbList","@id":"https:\/\/weidemanagement.ch\/fr\/chiens-de-protection\/#breadcrumb","itemListElement":[{"@type":"ListItem","position":1,"name":"Startseite","item":"https:\/\/weidemanagement.ch\/fr\/home\/"},{"@type":"ListItem","position":2,"name":"Chiens de protection"}]},{"@type":"WebSite","@id":"https:\/\/weidemanagement.ch\/fr\/#website","url":"https:\/\/weidemanagement.ch\/fr\/","name":"weidemanagement.ch","description":"","potentialAction":[{"@type":"SearchAction","target":{"@type":"EntryPoint","urlTemplate":"https:\/\/weidemanagement.ch\/fr\/?s={search_term_string}"},"query-input":{"@type":"PropertyValueSpecification","valueRequired":true,"valueName":"search_term_string"}}],"inLanguage":"fr-FR"}]}},"_links":{"self":[{"href":"https:\/\/weidemanagement.ch\/fr\/wp-json\/wp\/v2\/pages\/818","targetHints":{"allow":["GET"]}}],"collection":[{"href":"https:\/\/weidemanagement.ch\/fr\/wp-json\/wp\/v2\/pages"}],"about":[{"href":"https:\/\/weidemanagement.ch\/fr\/wp-json\/wp\/v2\/types\/page"}],"author":[{"embeddable":true,"href":"https:\/\/weidemanagement.ch\/fr\/wp-json\/wp\/v2\/users\/4"}],"replies":[{"embeddable":true,"href":"https:\/\/weidemanagement.ch\/fr\/wp-json\/wp\/v2\/comments?post=818"}],"version-history":[{"count":38,"href":"https:\/\/weidemanagement.ch\/fr\/wp-json\/wp\/v2\/pages\/818\/revisions"}],"predecessor-version":[{"id":1963,"href":"https:\/\/weidemanagement.ch\/fr\/wp-json\/wp\/v2\/pages\/818\/revisions\/1963"}],"wp:attachment":[{"href":"https:\/\/weidemanagement.ch\/fr\/wp-json\/wp\/v2\/media?parent=818"}],"curies":[{"name":"wp","href":"https:\/\/api.w.org\/{rel}","templated":true}]}}