{"id":839,"date":"2023-05-10T11:30:39","date_gmt":"2023-05-10T09:30:39","guid":{"rendered":"https:\/\/neu.weidemanagement.ch\/liens\/"},"modified":"2023-06-13T13:43:30","modified_gmt":"2023-06-13T11:43:30","slug":"liens","status":"publish","type":"page","link":"https:\/\/weidemanagement.ch\/fr\/liens\/","title":{"rendered":"Liens"},"content":{"rendered":"<div id='av_section_1'  class='avia-section av-kbufzd3s-dd428f854b73db9c732bdb3b761e163e main_color avia-section-default avia-shadow  avia-builder-el-0  avia-builder-el-no-sibling  avia-bg-style-scroll container_wrap fullsize'  ><div class='container av-section-cont-open' ><main  role=\"main\" itemprop=\"mainContentOfPage\"  class='template-page content  av-content-full alpha units'><div class='post-entry post-entry-type-page post-entry-839'><div class='entry-content-wrapper clearfix'>\n\n<style type=\"text\/css\" data-created_by=\"avia_inline_auto\" id=\"style-css-av-38q1-59d4a1d61c1719c885de0a85685ce4ed\">\n.flex_column.av-38q1-59d4a1d61c1719c885de0a85685ce4ed{\nborder-radius:0px 0px 0px 0px;\npadding:0px 0px 0px 0px;\n}\n<\/style>\n<div  class='flex_column av-38q1-59d4a1d61c1719c885de0a85685ce4ed av_two_third  avia-builder-el-1  avia-builder-el-no-sibling  first flex_column_div av-zero-column-padding  '     ><section  class='av_textblock_section av-lhhny3gq-63ccf682a593cf48bb1f6ca883b9ed12 '   itemscope=\"itemscope\" itemtype=\"https:\/\/schema.org\/CreativeWork\" ><div class='avia_textblock'  itemprop=\"text\" ><h1>Liens<\/h1>\n<\/div><\/section><br \/>\n\n<style type=\"text\/css\" data-created_by=\"avia_inline_auto\" id=\"style-css-av-lhhnxulx-f9aad5b3e970c562c8a0f706ad1de8d5\">\n#top .hr.hr-invisible.av-lhhnxulx-f9aad5b3e970c562c8a0f706ad1de8d5{\nheight:50px;\n}\n<\/style>\n<div  class='hr av-lhhnxulx-f9aad5b3e970c562c8a0f706ad1de8d5 hr-invisible  avia-builder-el-3  el_after_av_textblock  el_before_av_textblock '><span class='hr-inner '><span class=\"hr-inner-style\"><\/span><\/span><\/div><br \/>\n<section  class='av_textblock_section av-jxk41cbl-a1fc1525f09076e0644c7e0771550ccd '   itemscope=\"itemscope\" itemtype=\"https:\/\/schema.org\/CreativeWork\" ><div class='avia_textblock'  itemprop=\"text\" ><h1><\/h1>\n<p><strong>Organisations responsables<\/strong><\/p>\n<ul>\n<li><a href=\"https:\/\/www.sab.ch\/fr\/\">Groupement suisse pour les r\u00e9gions de montagnes (SAB)<\/a><\/li>\n<li><a href=\"https:\/\/www.alpwirtschaft.ch\/fr\/\" target=\"_blank\" rel=\"noopener\">Soci\u00e9t\u00e9 suisse d&rsquo;\u00e9conomie alpestre (SSEA)<\/a><\/li>\n<li><a href=\"https:\/\/www.sbv-usp.ch\/fr\/\" target=\"_blank\" rel=\"noopener\">Union suisse des paysans (USP) <\/a><\/li>\n<\/ul>\n<p><strong>Autres liens:<\/strong><\/p>\n<ul>\n<li><a href=\"https:\/\/www.protectiondestroupeaux.ch\/fr\/\" target=\"_blank\" rel=\"noopener\">Protection des troupeaux<\/a><\/li>\n<li><a href=\"https:\/\/www.kora.ch\/fr\/\" target=\"_blank\" rel=\"noopener\">Kora<\/a><\/li>\n<li><a href=\"https:\/\/www.bafu.admin.ch\/bafu\/fr\/home\/themes\/biodiversite\/info-specialistes\/utilisation-durable-de-la-biodiversite\/chasse.html\" target=\"_blank\" rel=\"noopener\">OFEV: Bases l\u00e9gales<\/a><\/li>\n<\/ul>\n<\/div><\/section><\/p><\/div>\n","protected":false},"excerpt":{"rendered":"","protected":false},"author":4,"featured_media":0,"parent":0,"menu_order":0,"comment_status":"closed","ping_status":"closed","template":"","meta":{"footnotes":""},"class_list":["post-839","page","type-page","status-publish","hentry"],"yoast_head":"<!-- This site is optimized with the Yoast SEO plugin v27.4 - https:\/\/yoast.com\/product\/yoast-seo-wordpress\/ -->\n<title>Liens - weidemanagement.ch<\/title>\n<meta name=\"robots\" content=\"index, follow, max-snippet:-1, max-image-preview:large, max-video-preview:-1\" \/>\n<link rel=\"canonical\" href=\"https:\/\/weidemanagement.ch\/fr\/liens\/\" \/>\n<meta property=\"og:locale\" content=\"fr_FR\" \/>\n<meta property=\"og:type\" content=\"article\" \/>\n<meta property=\"og:title\" content=\"Liens - weidemanagement.ch\" \/>\n<meta property=\"og:url\" content=\"https:\/\/weidemanagement.ch\/fr\/liens\/\" \/>\n<meta property=\"og:site_name\" content=\"weidemanagement.ch\" \/>\n<meta property=\"article:modified_time\" content=\"2023-06-13T11:43:30+00:00\" \/>\n<meta name=\"twitter:card\" content=\"summary_large_image\" \/>\n<meta name=\"twitter:label1\" content=\"Dur\u00e9e de lecture estim\u00e9e\" \/>\n\t<meta name=\"twitter:data1\" content=\"2 minutes\" \/>\n<script type=\"application\/ld+json\" class=\"yoast-schema-graph\">{\"@context\":\"https:\\\/\\\/schema.org\",\"@graph\":[{\"@type\":\"WebPage\",\"@id\":\"https:\\\/\\\/weidemanagement.ch\\\/fr\\\/liens\\\/\",\"url\":\"https:\\\/\\\/weidemanagement.ch\\\/fr\\\/liens\\\/\",\"name\":\"Liens - weidemanagement.ch\",\"isPartOf\":{\"@id\":\"https:\\\/\\\/weidemanagement.ch\\\/fr\\\/#website\"},\"datePublished\":\"2023-05-10T09:30:39+00:00\",\"dateModified\":\"2023-06-13T11:43:30+00:00\",\"breadcrumb\":{\"@id\":\"https:\\\/\\\/weidemanagement.ch\\\/fr\\\/liens\\\/#breadcrumb\"},\"inLanguage\":\"fr-FR\",\"potentialAction\":[{\"@type\":\"ReadAction\",\"target\":[\"https:\\\/\\\/weidemanagement.ch\\\/fr\\\/liens\\\/\"]}]},{\"@type\":\"BreadcrumbList\",\"@id\":\"https:\\\/\\\/weidemanagement.ch\\\/fr\\\/liens\\\/#breadcrumb\",\"itemListElement\":[{\"@type\":\"ListItem\",\"position\":1,\"name\":\"Startseite\",\"item\":\"https:\\\/\\\/weidemanagement.ch\\\/fr\\\/home\\\/\"},{\"@type\":\"ListItem\",\"position\":2,\"name\":\"Liens\"}]},{\"@type\":\"WebSite\",\"@id\":\"https:\\\/\\\/weidemanagement.ch\\\/fr\\\/#website\",\"url\":\"https:\\\/\\\/weidemanagement.ch\\\/fr\\\/\",\"name\":\"weidemanagement.ch\",\"description\":\"\",\"potentialAction\":[{\"@type\":\"SearchAction\",\"target\":{\"@type\":\"EntryPoint\",\"urlTemplate\":\"https:\\\/\\\/weidemanagement.ch\\\/fr\\\/?s={search_term_string}\"},\"query-input\":{\"@type\":\"PropertyValueSpecification\",\"valueRequired\":true,\"valueName\":\"search_term_string\"}}],\"inLanguage\":\"fr-FR\"}]}<\/script>\n<!-- \/ Yoast SEO plugin. -->","yoast_head_json":{"title":"Liens - weidemanagement.ch","robots":{"index":"index","follow":"follow","max-snippet":"max-snippet:-1","max-image-preview":"max-image-preview:large","max-video-preview":"max-video-preview:-1"},"canonical":"https:\/\/weidemanagement.ch\/fr\/liens\/","og_locale":"fr_FR","og_type":"article","og_title":"Liens - weidemanagement.ch","og_url":"https:\/\/weidemanagement.ch\/fr\/liens\/","og_site_name":"weidemanagement.ch","article_modified_time":"2023-06-13T11:43:30+00:00","twitter_card":"summary_large_image","twitter_misc":{"Dur\u00e9e de lecture estim\u00e9e":"2 minutes"},"schema":{"@context":"https:\/\/schema.org","@graph":[{"@type":"WebPage","@id":"https:\/\/weidemanagement.ch\/fr\/liens\/","url":"https:\/\/weidemanagement.ch\/fr\/liens\/","name":"Liens - weidemanagement.ch","isPartOf":{"@id":"https:\/\/weidemanagement.ch\/fr\/#website"},"datePublished":"2023-05-10T09:30:39+00:00","dateModified":"2023-06-13T11:43:30+00:00","breadcrumb":{"@id":"https:\/\/weidemanagement.ch\/fr\/liens\/#breadcrumb"},"inLanguage":"fr-FR","potentialAction":[{"@type":"ReadAction","target":["https:\/\/weidemanagement.ch\/fr\/liens\/"]}]},{"@type":"BreadcrumbList","@id":"https:\/\/weidemanagement.ch\/fr\/liens\/#breadcrumb","itemListElement":[{"@type":"ListItem","position":1,"name":"Startseite","item":"https:\/\/weidemanagement.ch\/fr\/home\/"},{"@type":"ListItem","position":2,"name":"Liens"}]},{"@type":"WebSite","@id":"https:\/\/weidemanagement.ch\/fr\/#website","url":"https:\/\/weidemanagement.ch\/fr\/","name":"weidemanagement.ch","description":"","potentialAction":[{"@type":"SearchAction","target":{"@type":"EntryPoint","urlTemplate":"https:\/\/weidemanagement.ch\/fr\/?s={search_term_string}"},"query-input":{"@type":"PropertyValueSpecification","valueRequired":true,"valueName":"search_term_string"}}],"inLanguage":"fr-FR"}]}},"_links":{"self":[{"href":"https:\/\/weidemanagement.ch\/fr\/wp-json\/wp\/v2\/pages\/839","targetHints":{"allow":["GET"]}}],"collection":[{"href":"https:\/\/weidemanagement.ch\/fr\/wp-json\/wp\/v2\/pages"}],"about":[{"href":"https:\/\/weidemanagement.ch\/fr\/wp-json\/wp\/v2\/types\/page"}],"author":[{"embeddable":true,"href":"https:\/\/weidemanagement.ch\/fr\/wp-json\/wp\/v2\/users\/4"}],"replies":[{"embeddable":true,"href":"https:\/\/weidemanagement.ch\/fr\/wp-json\/wp\/v2\/comments?post=839"}],"version-history":[{"count":23,"href":"https:\/\/weidemanagement.ch\/fr\/wp-json\/wp\/v2\/pages\/839\/revisions"}],"predecessor-version":[{"id":1685,"href":"https:\/\/weidemanagement.ch\/fr\/wp-json\/wp\/v2\/pages\/839\/revisions\/1685"}],"wp:attachment":[{"href":"https:\/\/weidemanagement.ch\/fr\/wp-json\/wp\/v2\/media?parent=839"}],"curies":[{"name":"wp","href":"https:\/\/api.w.org\/{rel}","templated":true}]}}