{"id":862,"date":"2023-05-10T10:57:13","date_gmt":"2023-05-10T08:57:13","guid":{"rendered":"https:\/\/neu.weidemanagement.ch\/a-propos-de-la-plate-forme-de-dialogue-2\/"},"modified":"2023-06-13T09:39:53","modified_gmt":"2023-06-13T07:39:53","slug":"a-propos-de-la-plate-forme-de-dialogue-2","status":"publish","type":"page","link":"https:\/\/weidemanagement.ch\/fr\/a-propos-de-la-plate-forme-de-dialogue-2\/","title":{"rendered":"La plate-forme de dialogue en deux mots"},"content":{"rendered":"<div  class='flex_column av-aqrw2-c16d276a02921643b96d5ed9becd7b37 av_two_third  avia-builder-el-0  avia-builder-el-no-sibling  first flex_column_div  '     ><section  class='av_textblock_section av-lhhgzprc-7df1de4039fb4062866fe499292cd0ca '   itemscope=\"itemscope\" itemtype=\"https:\/\/schema.org\/CreativeWork\" ><div class='avia_textblock'  itemprop=\"text\" ><h2>La plate-forme de dialogue en deux mots<\/h2>\n<p>Si l\u2019augmentation croissante des grands pr\u00e9dateurs, et en particulier des loups, pose probl\u00e8me c\u2019est l\u2019agriculture qui en est la premi\u00e8re concern\u00e9e. Cependant, la population et le tourisme doivent \u00e9galement accepter des restrictions. Les d\u00e9bats politiques, qui durent depuis des ann\u00e9es, se sont progressivement durcis. Le dialogue entre les diff\u00e9rents milieux impliqu\u00e9s est aussi devenu plus laborieux. Or, les solutions \u00e0 la probl\u00e9matique des grands pr\u00e9dateurs ne peuvent \u00eatre trouv\u00e9es que par le dialogue. La plate-forme \u00ab\u00a0Gestion des p\u00e2turages et grands pr\u00e9dateurs\u00a0\u00bb vise notamment \u00e0 encourager les \u00e9changes d&rsquo;exp\u00e9riences et les discussions entre les diff\u00e9rents acteurs impliqu\u00e9s (agriculture, sylviculture, tourisme, chasse, cantons, communes). Le mat\u00e9riel d&rsquo;information et les connaissances acquises doivent aussi \u00eatre mis \u00e0 la disposition du grand public.<\/p>\n<p>La plateforme de dialogue a \u00e9t\u00e9 mise en place fin 2020. Elle n&rsquo;a pas d&rsquo;orientation politique.<\/p>\n<p><strong>Documents:<\/strong><br \/>\n\u2022 <a href=\"https:\/\/weidemanagement.ch\/wp-content\/uploads\/2023\/05\/Konzept-Dialogplattform-Weidemanagement.pdf\" target=\"_blank\" rel=\"noopener\">Concept (en allemand)<\/a><br \/>\n\u2022 <a href=\"https:\/\/weidemanagement.ch\/wp-content\/uploads\/2023\/05\/Dialogplattform-Grossraubtiere-Arbeitsprogramm_def.pdf\" target=\"_blank\" rel=\"noopener\">Programme de travail (en allemand)<\/a><\/p>\n<\/div><\/section><\/div>\n","protected":false},"excerpt":{"rendered":"","protected":false},"author":4,"featured_media":0,"parent":0,"menu_order":0,"comment_status":"closed","ping_status":"open","template":"","meta":{"footnotes":""},"class_list":["post-862","page","type-page","status-publish","hentry"],"yoast_head":"<!-- This site is optimized with the Yoast SEO plugin v27.4 - https:\/\/yoast.com\/product\/yoast-seo-wordpress\/ -->\n<title>La plate-forme de dialogue en deux mots - weidemanagement.ch<\/title>\n<meta name=\"robots\" content=\"index, follow, max-snippet:-1, max-image-preview:large, max-video-preview:-1\" \/>\n<link rel=\"canonical\" href=\"https:\/\/weidemanagement.ch\/fr\/a-propos-de-la-plate-forme-de-dialogue-2\/\" \/>\n<meta property=\"og:locale\" content=\"fr_FR\" \/>\n<meta property=\"og:type\" content=\"article\" \/>\n<meta property=\"og:title\" content=\"La plate-forme de dialogue en deux mots - weidemanagement.ch\" \/>\n<meta property=\"og:url\" content=\"https:\/\/weidemanagement.ch\/fr\/a-propos-de-la-plate-forme-de-dialogue-2\/\" \/>\n<meta property=\"og:site_name\" content=\"weidemanagement.ch\" \/>\n<meta property=\"article:modified_time\" content=\"2023-06-13T07:39:53+00:00\" \/>\n<meta name=\"twitter:card\" content=\"summary_large_image\" \/>\n<meta name=\"twitter:label1\" content=\"Dur\u00e9e de lecture estim\u00e9e\" \/>\n\t<meta name=\"twitter:data1\" content=\"3 minutes\" \/>\n<script type=\"application\/ld+json\" class=\"yoast-schema-graph\">{\"@context\":\"https:\\\/\\\/schema.org\",\"@graph\":[{\"@type\":\"WebPage\",\"@id\":\"https:\\\/\\\/weidemanagement.ch\\\/fr\\\/a-propos-de-la-plate-forme-de-dialogue-2\\\/\",\"url\":\"https:\\\/\\\/weidemanagement.ch\\\/fr\\\/a-propos-de-la-plate-forme-de-dialogue-2\\\/\",\"name\":\"La plate-forme de dialogue en deux mots - weidemanagement.ch\",\"isPartOf\":{\"@id\":\"https:\\\/\\\/weidemanagement.ch\\\/fr\\\/#website\"},\"datePublished\":\"2023-05-10T08:57:13+00:00\",\"dateModified\":\"2023-06-13T07:39:53+00:00\",\"breadcrumb\":{\"@id\":\"https:\\\/\\\/weidemanagement.ch\\\/fr\\\/a-propos-de-la-plate-forme-de-dialogue-2\\\/#breadcrumb\"},\"inLanguage\":\"fr-FR\",\"potentialAction\":[{\"@type\":\"ReadAction\",\"target\":[\"https:\\\/\\\/weidemanagement.ch\\\/fr\\\/a-propos-de-la-plate-forme-de-dialogue-2\\\/\"]}]},{\"@type\":\"BreadcrumbList\",\"@id\":\"https:\\\/\\\/weidemanagement.ch\\\/fr\\\/a-propos-de-la-plate-forme-de-dialogue-2\\\/#breadcrumb\",\"itemListElement\":[{\"@type\":\"ListItem\",\"position\":1,\"name\":\"Startseite\",\"item\":\"https:\\\/\\\/weidemanagement.ch\\\/fr\\\/home\\\/\"},{\"@type\":\"ListItem\",\"position\":2,\"name\":\"La plate-forme de dialogue en deux mots\"}]},{\"@type\":\"WebSite\",\"@id\":\"https:\\\/\\\/weidemanagement.ch\\\/fr\\\/#website\",\"url\":\"https:\\\/\\\/weidemanagement.ch\\\/fr\\\/\",\"name\":\"weidemanagement.ch\",\"description\":\"\",\"potentialAction\":[{\"@type\":\"SearchAction\",\"target\":{\"@type\":\"EntryPoint\",\"urlTemplate\":\"https:\\\/\\\/weidemanagement.ch\\\/fr\\\/?s={search_term_string}\"},\"query-input\":{\"@type\":\"PropertyValueSpecification\",\"valueRequired\":true,\"valueName\":\"search_term_string\"}}],\"inLanguage\":\"fr-FR\"}]}<\/script>\n<!-- \/ Yoast SEO plugin. -->","yoast_head_json":{"title":"La plate-forme de dialogue en deux mots - weidemanagement.ch","robots":{"index":"index","follow":"follow","max-snippet":"max-snippet:-1","max-image-preview":"max-image-preview:large","max-video-preview":"max-video-preview:-1"},"canonical":"https:\/\/weidemanagement.ch\/fr\/a-propos-de-la-plate-forme-de-dialogue-2\/","og_locale":"fr_FR","og_type":"article","og_title":"La plate-forme de dialogue en deux mots - weidemanagement.ch","og_url":"https:\/\/weidemanagement.ch\/fr\/a-propos-de-la-plate-forme-de-dialogue-2\/","og_site_name":"weidemanagement.ch","article_modified_time":"2023-06-13T07:39:53+00:00","twitter_card":"summary_large_image","twitter_misc":{"Dur\u00e9e de lecture estim\u00e9e":"3 minutes"},"schema":{"@context":"https:\/\/schema.org","@graph":[{"@type":"WebPage","@id":"https:\/\/weidemanagement.ch\/fr\/a-propos-de-la-plate-forme-de-dialogue-2\/","url":"https:\/\/weidemanagement.ch\/fr\/a-propos-de-la-plate-forme-de-dialogue-2\/","name":"La plate-forme de dialogue en deux mots - weidemanagement.ch","isPartOf":{"@id":"https:\/\/weidemanagement.ch\/fr\/#website"},"datePublished":"2023-05-10T08:57:13+00:00","dateModified":"2023-06-13T07:39:53+00:00","breadcrumb":{"@id":"https:\/\/weidemanagement.ch\/fr\/a-propos-de-la-plate-forme-de-dialogue-2\/#breadcrumb"},"inLanguage":"fr-FR","potentialAction":[{"@type":"ReadAction","target":["https:\/\/weidemanagement.ch\/fr\/a-propos-de-la-plate-forme-de-dialogue-2\/"]}]},{"@type":"BreadcrumbList","@id":"https:\/\/weidemanagement.ch\/fr\/a-propos-de-la-plate-forme-de-dialogue-2\/#breadcrumb","itemListElement":[{"@type":"ListItem","position":1,"name":"Startseite","item":"https:\/\/weidemanagement.ch\/fr\/home\/"},{"@type":"ListItem","position":2,"name":"La plate-forme de dialogue en deux mots"}]},{"@type":"WebSite","@id":"https:\/\/weidemanagement.ch\/fr\/#website","url":"https:\/\/weidemanagement.ch\/fr\/","name":"weidemanagement.ch","description":"","potentialAction":[{"@type":"SearchAction","target":{"@type":"EntryPoint","urlTemplate":"https:\/\/weidemanagement.ch\/fr\/?s={search_term_string}"},"query-input":{"@type":"PropertyValueSpecification","valueRequired":true,"valueName":"search_term_string"}}],"inLanguage":"fr-FR"}]}},"_links":{"self":[{"href":"https:\/\/weidemanagement.ch\/fr\/wp-json\/wp\/v2\/pages\/862","targetHints":{"allow":["GET"]}}],"collection":[{"href":"https:\/\/weidemanagement.ch\/fr\/wp-json\/wp\/v2\/pages"}],"about":[{"href":"https:\/\/weidemanagement.ch\/fr\/wp-json\/wp\/v2\/types\/page"}],"author":[{"embeddable":true,"href":"https:\/\/weidemanagement.ch\/fr\/wp-json\/wp\/v2\/users\/4"}],"replies":[{"embeddable":true,"href":"https:\/\/weidemanagement.ch\/fr\/wp-json\/wp\/v2\/comments?post=862"}],"version-history":[{"count":8,"href":"https:\/\/weidemanagement.ch\/fr\/wp-json\/wp\/v2\/pages\/862\/revisions"}],"predecessor-version":[{"id":1566,"href":"https:\/\/weidemanagement.ch\/fr\/wp-json\/wp\/v2\/pages\/862\/revisions\/1566"}],"wp:attachment":[{"href":"https:\/\/weidemanagement.ch\/fr\/wp-json\/wp\/v2\/media?parent=862"}],"curies":[{"name":"wp","href":"https:\/\/api.w.org\/{rel}","templated":true}]}}