{"id":870,"date":"2023-05-10T11:07:41","date_gmt":"2023-05-10T09:07:41","guid":{"rendered":"https:\/\/neu.weidemanagement.ch\/objectifs\/"},"modified":"2023-05-24T15:44:56","modified_gmt":"2023-05-24T13:44:56","slug":"objectifs","status":"publish","type":"page","link":"https:\/\/weidemanagement.ch\/fr\/objectifs\/","title":{"rendered":"Objectifs"},"content":{"rendered":"<div id='av_section_1'  class='avia-section av-kbufzd3s-dd428f854b73db9c732bdb3b761e163e main_color avia-section-default avia-shadow  avia-builder-el-0  avia-builder-el-no-sibling  avia-bg-style-scroll container_wrap fullsize'  ><div class='container av-section-cont-open' ><main  role=\"main\" itemprop=\"mainContentOfPage\"  class='template-page content  av-content-full alpha units'><div class='post-entry post-entry-type-page post-entry-870'><div class='entry-content-wrapper clearfix'>\n\n<style type=\"text\/css\" data-created_by=\"avia_inline_auto\" id=\"style-css-av-38q1-59d4a1d61c1719c885de0a85685ce4ed\">\n.flex_column.av-38q1-59d4a1d61c1719c885de0a85685ce4ed{\nborder-radius:0px 0px 0px 0px;\npadding:0px 0px 0px 0px;\n}\n<\/style>\n<div  class='flex_column av-38q1-59d4a1d61c1719c885de0a85685ce4ed av_two_third  avia-builder-el-1  avia-builder-el-no-sibling  first flex_column_div av-zero-column-padding  '     ><section  class='av_textblock_section av-jxk41cbl-de8745f204dcd65c5170bef159d7e21a '   itemscope=\"itemscope\" itemtype=\"https:\/\/schema.org\/CreativeWork\" ><div class='avia_textblock'  itemprop=\"text\" ><h2>Objectifs<\/h2>\n<ul>\n<li>Promouvoir le dialogue et les \u00e9changes d&rsquo;exp\u00e9riences sur les th\u00e8mes de la protection des troupeaux, de la formation des bergers, de la gestion des p\u00e2turages, du tourisme et du public, de la r\u00e9gulation des grands pr\u00e9dateurs, ainsi que d&rsquo;\u00e9ventuels autres sujets li\u00e9s \u00e0 cette th\u00e9matique, dans le but de proposer des outils pour les milieux concern\u00e9s. Il s&rsquo;agit, en fin de compte, de pr\u00e9server l&rsquo;agriculture de montagne et l&rsquo;\u00e9conomie alpestre, ainsi que leurs avantages pour l&rsquo;\u00e9conomie (et la biodiversit\u00e9) au sein des r\u00e9gions de montagne. La plateforme s\u2019efforce aussi \u00e0 \u00e9viter les conflits avec le tourisme, en cas de pr\u00e9sence de grands pr\u00e9dateurs.<\/li>\n<li>Mise en place de bases pour la pratique et la gestion de la protection des troupeaux et des grands pr\u00e9dateurs.<\/li>\n<li>Mise \u00e0 disposition de bases de donn\u00e9es et de mat\u00e9riel d&rsquo;information, ainsi que communication de ses connaissances.<\/li>\n<\/ul>\n<\/div><\/section><\/div>\n","protected":false},"excerpt":{"rendered":"","protected":false},"author":4,"featured_media":0,"parent":0,"menu_order":0,"comment_status":"closed","ping_status":"open","template":"","meta":{"footnotes":""},"class_list":["post-870","page","type-page","status-publish","hentry"],"yoast_head":"<!-- This site is optimized with the Yoast SEO plugin v27.4 - https:\/\/yoast.com\/product\/yoast-seo-wordpress\/ -->\n<title>Objectifs - weidemanagement.ch<\/title>\n<meta name=\"robots\" content=\"index, follow, max-snippet:-1, max-image-preview:large, max-video-preview:-1\" \/>\n<link rel=\"canonical\" href=\"https:\/\/weidemanagement.ch\/fr\/objectifs\/\" \/>\n<meta property=\"og:locale\" content=\"fr_FR\" \/>\n<meta property=\"og:type\" content=\"article\" \/>\n<meta property=\"og:title\" content=\"Objectifs - weidemanagement.ch\" \/>\n<meta property=\"og:url\" content=\"https:\/\/weidemanagement.ch\/fr\/objectifs\/\" \/>\n<meta property=\"og:site_name\" content=\"weidemanagement.ch\" \/>\n<meta property=\"article:modified_time\" content=\"2023-05-24T13:44:56+00:00\" \/>\n<meta name=\"twitter:card\" content=\"summary_large_image\" \/>\n<meta name=\"twitter:label1\" content=\"Dur\u00e9e de lecture estim\u00e9e\" \/>\n\t<meta name=\"twitter:data1\" content=\"2 minutes\" \/>\n<script type=\"application\/ld+json\" class=\"yoast-schema-graph\">{\"@context\":\"https:\\\/\\\/schema.org\",\"@graph\":[{\"@type\":\"WebPage\",\"@id\":\"https:\\\/\\\/weidemanagement.ch\\\/fr\\\/objectifs\\\/\",\"url\":\"https:\\\/\\\/weidemanagement.ch\\\/fr\\\/objectifs\\\/\",\"name\":\"Objectifs - weidemanagement.ch\",\"isPartOf\":{\"@id\":\"https:\\\/\\\/weidemanagement.ch\\\/fr\\\/#website\"},\"datePublished\":\"2023-05-10T09:07:41+00:00\",\"dateModified\":\"2023-05-24T13:44:56+00:00\",\"breadcrumb\":{\"@id\":\"https:\\\/\\\/weidemanagement.ch\\\/fr\\\/objectifs\\\/#breadcrumb\"},\"inLanguage\":\"fr-FR\",\"potentialAction\":[{\"@type\":\"ReadAction\",\"target\":[\"https:\\\/\\\/weidemanagement.ch\\\/fr\\\/objectifs\\\/\"]}]},{\"@type\":\"BreadcrumbList\",\"@id\":\"https:\\\/\\\/weidemanagement.ch\\\/fr\\\/objectifs\\\/#breadcrumb\",\"itemListElement\":[{\"@type\":\"ListItem\",\"position\":1,\"name\":\"Startseite\",\"item\":\"https:\\\/\\\/weidemanagement.ch\\\/fr\\\/home\\\/\"},{\"@type\":\"ListItem\",\"position\":2,\"name\":\"Objectifs\"}]},{\"@type\":\"WebSite\",\"@id\":\"https:\\\/\\\/weidemanagement.ch\\\/fr\\\/#website\",\"url\":\"https:\\\/\\\/weidemanagement.ch\\\/fr\\\/\",\"name\":\"weidemanagement.ch\",\"description\":\"\",\"potentialAction\":[{\"@type\":\"SearchAction\",\"target\":{\"@type\":\"EntryPoint\",\"urlTemplate\":\"https:\\\/\\\/weidemanagement.ch\\\/fr\\\/?s={search_term_string}\"},\"query-input\":{\"@type\":\"PropertyValueSpecification\",\"valueRequired\":true,\"valueName\":\"search_term_string\"}}],\"inLanguage\":\"fr-FR\"}]}<\/script>\n<!-- \/ Yoast SEO plugin. -->","yoast_head_json":{"title":"Objectifs - weidemanagement.ch","robots":{"index":"index","follow":"follow","max-snippet":"max-snippet:-1","max-image-preview":"max-image-preview:large","max-video-preview":"max-video-preview:-1"},"canonical":"https:\/\/weidemanagement.ch\/fr\/objectifs\/","og_locale":"fr_FR","og_type":"article","og_title":"Objectifs - weidemanagement.ch","og_url":"https:\/\/weidemanagement.ch\/fr\/objectifs\/","og_site_name":"weidemanagement.ch","article_modified_time":"2023-05-24T13:44:56+00:00","twitter_card":"summary_large_image","twitter_misc":{"Dur\u00e9e de lecture estim\u00e9e":"2 minutes"},"schema":{"@context":"https:\/\/schema.org","@graph":[{"@type":"WebPage","@id":"https:\/\/weidemanagement.ch\/fr\/objectifs\/","url":"https:\/\/weidemanagement.ch\/fr\/objectifs\/","name":"Objectifs - weidemanagement.ch","isPartOf":{"@id":"https:\/\/weidemanagement.ch\/fr\/#website"},"datePublished":"2023-05-10T09:07:41+00:00","dateModified":"2023-05-24T13:44:56+00:00","breadcrumb":{"@id":"https:\/\/weidemanagement.ch\/fr\/objectifs\/#breadcrumb"},"inLanguage":"fr-FR","potentialAction":[{"@type":"ReadAction","target":["https:\/\/weidemanagement.ch\/fr\/objectifs\/"]}]},{"@type":"BreadcrumbList","@id":"https:\/\/weidemanagement.ch\/fr\/objectifs\/#breadcrumb","itemListElement":[{"@type":"ListItem","position":1,"name":"Startseite","item":"https:\/\/weidemanagement.ch\/fr\/home\/"},{"@type":"ListItem","position":2,"name":"Objectifs"}]},{"@type":"WebSite","@id":"https:\/\/weidemanagement.ch\/fr\/#website","url":"https:\/\/weidemanagement.ch\/fr\/","name":"weidemanagement.ch","description":"","potentialAction":[{"@type":"SearchAction","target":{"@type":"EntryPoint","urlTemplate":"https:\/\/weidemanagement.ch\/fr\/?s={search_term_string}"},"query-input":{"@type":"PropertyValueSpecification","valueRequired":true,"valueName":"search_term_string"}}],"inLanguage":"fr-FR"}]}},"_links":{"self":[{"href":"https:\/\/weidemanagement.ch\/fr\/wp-json\/wp\/v2\/pages\/870","targetHints":{"allow":["GET"]}}],"collection":[{"href":"https:\/\/weidemanagement.ch\/fr\/wp-json\/wp\/v2\/pages"}],"about":[{"href":"https:\/\/weidemanagement.ch\/fr\/wp-json\/wp\/v2\/types\/page"}],"author":[{"embeddable":true,"href":"https:\/\/weidemanagement.ch\/fr\/wp-json\/wp\/v2\/users\/4"}],"replies":[{"embeddable":true,"href":"https:\/\/weidemanagement.ch\/fr\/wp-json\/wp\/v2\/comments?post=870"}],"version-history":[{"count":5,"href":"https:\/\/weidemanagement.ch\/fr\/wp-json\/wp\/v2\/pages\/870\/revisions"}],"predecessor-version":[{"id":1264,"href":"https:\/\/weidemanagement.ch\/fr\/wp-json\/wp\/v2\/pages\/870\/revisions\/1264"}],"wp:attachment":[{"href":"https:\/\/weidemanagement.ch\/fr\/wp-json\/wp\/v2\/media?parent=870"}],"curies":[{"name":"wp","href":"https:\/\/api.w.org\/{rel}","templated":true}]}}