{"id":1057,"date":"2023-05-10T11:18:05","date_gmt":"2023-05-10T09:18:05","guid":{"rendered":"https:\/\/neu.weidemanagement.ch\/esperienze-internazionali\/"},"modified":"2023-12-13T13:22:35","modified_gmt":"2023-12-13T12:22:35","slug":"esperienze-internazionali","status":"publish","type":"page","link":"https:\/\/weidemanagement.ch\/it\/esperienze-internazionali\/","title":{"rendered":"Esperienze all&#8217;estero"},"content":{"rendered":"<div id='av_section_1'  class='avia-section av-kbufzd3s-dd428f854b73db9c732bdb3b761e163e main_color avia-section-default avia-shadow  avia-builder-el-0  avia-builder-el-no-sibling  avia-bg-style-scroll container_wrap fullsize'  ><div class='container av-section-cont-open' ><main  role=\"main\" itemprop=\"mainContentOfPage\"  class='template-page content  av-content-full alpha units'><div class='post-entry post-entry-type-page post-entry-1057'><div class='entry-content-wrapper clearfix'>\n\n<style type=\"text\/css\" data-created_by=\"avia_inline_auto\" id=\"style-css-av-38q1-59d4a1d61c1719c885de0a85685ce4ed\">\n.flex_column.av-38q1-59d4a1d61c1719c885de0a85685ce4ed{\nborder-radius:0px 0px 0px 0px;\npadding:0px 0px 0px 0px;\n}\n<\/style>\n<div  class='flex_column av-38q1-59d4a1d61c1719c885de0a85685ce4ed av_two_third  avia-builder-el-1  el_before_av_one_third  avia-builder-el-first  first flex_column_div av-zero-column-padding  '     ><section  class='av_textblock_section av-lhhn6e2i-e9102bb6aebd94f7397b0ecd5b123481 '   itemscope=\"itemscope\" itemtype=\"https:\/\/schema.org\/CreativeWork\" ><div class='avia_textblock'  itemprop=\"text\" ><h1>Esperienze all&#8217;estero<\/h1>\n<\/div><\/section><br \/>\n\n<style type=\"text\/css\" data-created_by=\"avia_inline_auto\" id=\"style-css-av-lhhn5z7r-81d725a4c94670ff0ca0dc175a154b4b\">\n#top .hr.hr-invisible.av-lhhn5z7r-81d725a4c94670ff0ca0dc175a154b4b{\nheight:50px;\n}\n<\/style>\n<div  class='hr av-lhhn5z7r-81d725a4c94670ff0ca0dc175a154b4b hr-invisible  avia-builder-el-3  el_after_av_textblock  el_before_av_textblock '><span class='hr-inner '><span class=\"hr-inner-style\"><\/span><\/span><\/div><br \/>\n<section  class='av_textblock_section av-jxk41cbl-a1fc1525f09076e0644c7e0771550ccd '   itemscope=\"itemscope\" itemtype=\"https:\/\/schema.org\/CreativeWork\" ><div class='avia_textblock'  itemprop=\"text\" ><h4>Documenti<\/h4>\n<ul>\n<li><a href=\"https:\/\/weidemanagement.ch\/wp-content\/uploads\/2023\/12\/231130_Dialogforum_HGahr.pdf\" target=\"_blank\" rel=\"noopener\">Hermann Gahr, \u00d6sterreichischer Bauernbund, 30.11.23: Wolfsmanagement und L\u00f6sungsans\u00e4tze in Tirol, presentazione (in tedesco)<\/a><\/li>\n<li><a href=\"https:\/\/weidemanagement.ch\/wp-content\/uploads\/2023\/05\/221117-Internatinale-Lage-Wolf-FR-IT-AT_Praesentationen.pdf\" target=\"_blank\" rel=\"noopener\">Piattaforma di dialogo del 17.11.22: situazione del lupo in Francia, Alto Adige e Austria, presentazioni (in tedesco\/francese)<\/a><\/li>\n<li><a href=\"https:\/\/weidemanagement.ch\/wp-content\/uploads\/2023\/05\/202303-Agrarheute-Wolfproblematik-in-Europa.pdf\" target=\"_blank\" rel=\"noopener\">Agrarheute, marzo 2023: Situazione del lupo in Europa, rapporto dei media<\/a><\/li>\n<li><a href=\"https:\/\/weidemanagement.ch\/wp-content\/uploads\/2023\/05\/WISO_Annex1_Prevention-of-damages-caused-by-large-carnivores-in-the-Alps_20200921.pdf\" target=\"_blank\" rel=\"noopener\">Alpine convention, 2020: Prevention of damages caused by large carnivores in the alps, Bericht<\/a><\/li>\n<li><a href=\"https:\/\/www.youtube.com\/playlist?list=PL84_1tngVP3tW7rs4CCoIARL695D9oT6Z\" target=\"_blank\" rel=\"noopener\">Agricoltore altoatesino: Lupo e orso in Alto Adige, collezione di video<\/a><\/li>\n<li><a href=\"https:\/\/weidemanagement.ch\/wp-content\/uploads\/2023\/05\/Reseau-pastorale_experiences-chiens-de-protection.pdf\" target=\"_blank\" rel=\"noopener\">R\u00e9seau pastorale Auvergne-R\u00f4hne-Alpes: exp\u00e9riences avec les chiens de protection (in francese)<\/a><\/li>\n<li><a href=\"https:\/\/weidemanagement.ch\/wp-content\/uploads\/2023\/05\/Direction-Departementale-Isere_formulaire-dincident-avec-chiens-de-protection.pdf\" target=\"_blank\" rel=\"noopener\">Direction D\u00e9partementale Is\u00e8re: Formulaire d&#8217;incident avec chiens de protection (in francese)<\/a><\/li>\n<li><a href=\"https:\/\/weidemanagement.ch\/wp-content\/uploads\/2023\/05\/Auvergne-Rhone-Alpes_VTT-chiens-de-protection.pdf\" target=\"_blank\" rel=\"noopener\">Auvergne-Rh\u00f4ne-Alpes: VTT et chiens de protection (in francese)<\/a><\/li>\n<li><a href=\"https:\/\/www.alpages38.org\/\" target=\"_blank\" rel=\"noopener\">F\u00e9d\u00e9ration des Alpages de l&#8217;Is\u00e8re: site de la FAI (in francese)<\/a><\/li>\n<li><a href=\"https:\/\/www.ecrins-parcnational.fr\/actualite\/video-chiens-protection-troupeaux\" target=\"_blank\" rel=\"noopener\">Parc national des Ecrins: vid\u00e9o sur les chiens de protection (in francese)<\/a><\/li>\n<li><a href=\"https:\/\/www.ecrins-parcnational.fr\/dossier\/chiens-protection-contexte-gestes-adopter\" target=\"_blank\" rel=\"noopener\">Parc national des Ecrins: chiens de protection (in francese)<\/a><\/li>\n<\/ul>\n<\/div><\/section><\/p><\/div><div  class='flex_column av-6obj9-222486e2ae6f829fbc2447059886dc9c av_one_third  avia-builder-el-5  el_after_av_two_third  avia-builder-el-last  flex_column_div  '     ><style type=\"text\/css\" data-created_by=\"avia_inline_auto\" id=\"style-css-av-lix2a3u8-ec210677965e7814684eeb8c2c67df50\">\n.avia-image-container.av-lix2a3u8-ec210677965e7814684eeb8c2c67df50 img.avia_image{\nbox-shadow:none;\n}\n.avia-image-container.av-lix2a3u8-ec210677965e7814684eeb8c2c67df50 .av-image-caption-overlay-center{\ncolor:#ffffff;\n}\n<\/style>\n<div  class='avia-image-container av-lix2a3u8-ec210677965e7814684eeb8c2c67df50 av-styling- avia-align-center  avia-builder-el-6  avia-builder-el-no-sibling '   itemprop=\"image\" itemscope=\"itemscope\" itemtype=\"https:\/\/schema.org\/ImageObject\" ><div class=\"avia-image-container-inner\"><div class=\"avia-image-overlay-wrap\"><img decoding=\"async\" fetchpriority=\"high\" class='wp-image-1727 avia-img-lazy-loading-not-1727 avia_image ' src=\"https:\/\/weidemanagement.ch\/wp-content\/uploads\/2023\/06\/Herdenschutzhund_SBV-1024x575.jpg\" alt='' title='Herdenschutzhund_SBV'  height=\"575\" width=\"1024\"  itemprop=\"thumbnailUrl\" srcset=\"https:\/\/weidemanagement.ch\/wp-content\/uploads\/2023\/06\/Herdenschutzhund_SBV-1024x575.jpg 1024w, https:\/\/weidemanagement.ch\/wp-content\/uploads\/2023\/06\/Herdenschutzhund_SBV-1920x1080.jpg 1920w, https:\/\/weidemanagement.ch\/wp-content\/uploads\/2023\/06\/Herdenschutzhund_SBV-768x431.jpg 768w, https:\/\/weidemanagement.ch\/wp-content\/uploads\/2023\/06\/Herdenschutzhund_SBV-1536x863.jpg 1536w, https:\/\/weidemanagement.ch\/wp-content\/uploads\/2023\/06\/Herdenschutzhund_SBV-2048x1150.jpg 2048w, https:\/\/weidemanagement.ch\/wp-content\/uploads\/2023\/06\/Herdenschutzhund_SBV-1500x843.jpg 1500w, https:\/\/weidemanagement.ch\/wp-content\/uploads\/2023\/06\/Herdenschutzhund_SBV-705x396.jpg 705w\" sizes=\"(max-width: 1024px) 100vw, 1024px\" \/><\/div><\/div><\/div><\/div>\n","protected":false},"excerpt":{"rendered":"","protected":false},"author":4,"featured_media":0,"parent":0,"menu_order":0,"comment_status":"closed","ping_status":"closed","template":"","meta":{"footnotes":""},"class_list":["post-1057","page","type-page","status-publish","hentry"],"yoast_head":"<!-- This site is optimized with the Yoast SEO plugin v27.4 - https:\/\/yoast.com\/product\/yoast-seo-wordpress\/ -->\n<title>Esperienze all&#039;estero - weidemanagement.ch<\/title>\n<meta name=\"robots\" content=\"index, follow, max-snippet:-1, max-image-preview:large, max-video-preview:-1\" \/>\n<link rel=\"canonical\" href=\"https:\/\/weidemanagement.ch\/it\/esperienze-internazionali\/\" \/>\n<meta property=\"og:locale\" content=\"it_IT\" \/>\n<meta property=\"og:type\" content=\"article\" \/>\n<meta property=\"og:title\" content=\"Esperienze all&#039;estero - weidemanagement.ch\" \/>\n<meta property=\"og:url\" content=\"https:\/\/weidemanagement.ch\/it\/esperienze-internazionali\/\" \/>\n<meta property=\"og:site_name\" content=\"weidemanagement.ch\" \/>\n<meta property=\"article:modified_time\" content=\"2023-12-13T12:22:35+00:00\" \/>\n<meta name=\"twitter:card\" content=\"summary_large_image\" \/>\n<meta name=\"twitter:label1\" content=\"Tempo di lettura stimato\" \/>\n\t<meta name=\"twitter:data1\" content=\"3 minuti\" \/>\n<script type=\"application\/ld+json\" class=\"yoast-schema-graph\">{\"@context\":\"https:\\\/\\\/schema.org\",\"@graph\":[{\"@type\":\"WebPage\",\"@id\":\"https:\\\/\\\/weidemanagement.ch\\\/it\\\/esperienze-internazionali\\\/\",\"url\":\"https:\\\/\\\/weidemanagement.ch\\\/it\\\/esperienze-internazionali\\\/\",\"name\":\"Esperienze all'estero - weidemanagement.ch\",\"isPartOf\":{\"@id\":\"https:\\\/\\\/weidemanagement.ch\\\/it\\\/#website\"},\"datePublished\":\"2023-05-10T09:18:05+00:00\",\"dateModified\":\"2023-12-13T12:22:35+00:00\",\"breadcrumb\":{\"@id\":\"https:\\\/\\\/weidemanagement.ch\\\/it\\\/esperienze-internazionali\\\/#breadcrumb\"},\"inLanguage\":\"it-IT\",\"potentialAction\":[{\"@type\":\"ReadAction\",\"target\":[\"https:\\\/\\\/weidemanagement.ch\\\/it\\\/esperienze-internazionali\\\/\"]}]},{\"@type\":\"BreadcrumbList\",\"@id\":\"https:\\\/\\\/weidemanagement.ch\\\/it\\\/esperienze-internazionali\\\/#breadcrumb\",\"itemListElement\":[{\"@type\":\"ListItem\",\"position\":1,\"name\":\"Startseite\",\"item\":\"https:\\\/\\\/weidemanagement.ch\\\/it\\\/home\\\/\"},{\"@type\":\"ListItem\",\"position\":2,\"name\":\"Esperienze all&#8217;estero\"}]},{\"@type\":\"WebSite\",\"@id\":\"https:\\\/\\\/weidemanagement.ch\\\/it\\\/#website\",\"url\":\"https:\\\/\\\/weidemanagement.ch\\\/it\\\/\",\"name\":\"weidemanagement.ch\",\"description\":\"\",\"potentialAction\":[{\"@type\":\"SearchAction\",\"target\":{\"@type\":\"EntryPoint\",\"urlTemplate\":\"https:\\\/\\\/weidemanagement.ch\\\/it\\\/?s={search_term_string}\"},\"query-input\":{\"@type\":\"PropertyValueSpecification\",\"valueRequired\":true,\"valueName\":\"search_term_string\"}}],\"inLanguage\":\"it-IT\"}]}<\/script>\n<!-- \/ Yoast SEO plugin. -->","yoast_head_json":{"title":"Esperienze all'estero - weidemanagement.ch","robots":{"index":"index","follow":"follow","max-snippet":"max-snippet:-1","max-image-preview":"max-image-preview:large","max-video-preview":"max-video-preview:-1"},"canonical":"https:\/\/weidemanagement.ch\/it\/esperienze-internazionali\/","og_locale":"it_IT","og_type":"article","og_title":"Esperienze all'estero - weidemanagement.ch","og_url":"https:\/\/weidemanagement.ch\/it\/esperienze-internazionali\/","og_site_name":"weidemanagement.ch","article_modified_time":"2023-12-13T12:22:35+00:00","twitter_card":"summary_large_image","twitter_misc":{"Tempo di lettura stimato":"3 minuti"},"schema":{"@context":"https:\/\/schema.org","@graph":[{"@type":"WebPage","@id":"https:\/\/weidemanagement.ch\/it\/esperienze-internazionali\/","url":"https:\/\/weidemanagement.ch\/it\/esperienze-internazionali\/","name":"Esperienze all'estero - weidemanagement.ch","isPartOf":{"@id":"https:\/\/weidemanagement.ch\/it\/#website"},"datePublished":"2023-05-10T09:18:05+00:00","dateModified":"2023-12-13T12:22:35+00:00","breadcrumb":{"@id":"https:\/\/weidemanagement.ch\/it\/esperienze-internazionali\/#breadcrumb"},"inLanguage":"it-IT","potentialAction":[{"@type":"ReadAction","target":["https:\/\/weidemanagement.ch\/it\/esperienze-internazionali\/"]}]},{"@type":"BreadcrumbList","@id":"https:\/\/weidemanagement.ch\/it\/esperienze-internazionali\/#breadcrumb","itemListElement":[{"@type":"ListItem","position":1,"name":"Startseite","item":"https:\/\/weidemanagement.ch\/it\/home\/"},{"@type":"ListItem","position":2,"name":"Esperienze all&#8217;estero"}]},{"@type":"WebSite","@id":"https:\/\/weidemanagement.ch\/it\/#website","url":"https:\/\/weidemanagement.ch\/it\/","name":"weidemanagement.ch","description":"","potentialAction":[{"@type":"SearchAction","target":{"@type":"EntryPoint","urlTemplate":"https:\/\/weidemanagement.ch\/it\/?s={search_term_string}"},"query-input":{"@type":"PropertyValueSpecification","valueRequired":true,"valueName":"search_term_string"}}],"inLanguage":"it-IT"}]}},"_links":{"self":[{"href":"https:\/\/weidemanagement.ch\/it\/wp-json\/wp\/v2\/pages\/1057","targetHints":{"allow":["GET"]}}],"collection":[{"href":"https:\/\/weidemanagement.ch\/it\/wp-json\/wp\/v2\/pages"}],"about":[{"href":"https:\/\/weidemanagement.ch\/it\/wp-json\/wp\/v2\/types\/page"}],"author":[{"embeddable":true,"href":"https:\/\/weidemanagement.ch\/it\/wp-json\/wp\/v2\/users\/4"}],"replies":[{"embeddable":true,"href":"https:\/\/weidemanagement.ch\/it\/wp-json\/wp\/v2\/comments?post=1057"}],"version-history":[{"count":9,"href":"https:\/\/weidemanagement.ch\/it\/wp-json\/wp\/v2\/pages\/1057\/revisions"}],"predecessor-version":[{"id":1863,"href":"https:\/\/weidemanagement.ch\/it\/wp-json\/wp\/v2\/pages\/1057\/revisions\/1863"}],"wp:attachment":[{"href":"https:\/\/weidemanagement.ch\/it\/wp-json\/wp\/v2\/media?parent=1057"}],"curies":[{"name":"wp","href":"https:\/\/api.w.org\/{rel}","templated":true}]}}