{"id":273,"date":"2019-06-04T10:19:52","date_gmt":"2019-06-04T08:19:52","guid":{"rendered":"https:\/\/neu.weidemanagement.ch\/home\/"},"modified":"2023-06-12T11:37:03","modified_gmt":"2023-06-12T09:37:03","slug":"home","status":"publish","type":"page","link":"https:\/\/weidemanagement.ch\/it\/","title":{"rendered":"Home"},"content":{"rendered":"\n<style type=\"text\/css\" data-created_by=\"avia_inline_auto\" id=\"style-css-av-ksg65qpx-c29a2c4c73a73b4a8faf3c5cafcb9e68\">\n.avia-section.av-ksg65qpx-c29a2c4c73a73b4a8faf3c5cafcb9e68{\nposition:relative;\n}\n.avia-section.av-ksg65qpx-c29a2c4c73a73b4a8faf3c5cafcb9e68 .av-parallax .av-parallax-inner{\nbackground-repeat:no-repeat;\nbackground-image:url(https:\/\/weidemanagement.ch\/wp-content\/uploads\/2022\/11\/banner.jpg);\nbackground-position:50% 50%;\nbackground-attachment:scroll;\n}\n.avia-section.av-ksg65qpx-c29a2c4c73a73b4a8faf3c5cafcb9e68 .avia-divider-svg-bottom svg{\nheight:50px;\nfill:#ffffff;\n}\n<\/style>\n<div id='av_section_1'  class='avia-section av-ksg65qpx-c29a2c4c73a73b4a8faf3c5cafcb9e68 main_color avia-section-no-padding avia-no-border-styling  avia-builder-el-0  el_before_av_section  avia-builder-el-first  banner avia-full-stretch av-parallax-section avia-bg-style-parallax av-minimum-height av-minimum-height-custom av-height-custom  container_wrap fullsize'  data-section-bg-repeat='stretch' data-av_minimum_height_px='500'><div class='avia-divider-svg avia-divider-svg-tilt avia-divider-svg-bottom avia-flipped-svg avia-to-front avia-svg-original'><svg xmlns=\"http:\/\/www.w3.org\/2000\/svg\" viewBox=\"0 0 1000 100\" preserveAspectRatio=\"none\">\n\t<path d=\"M0,6V0h1000v100L0,6z\"\/>\n<\/svg><\/div><div class='av-parallax' data-avia-parallax-ratio='0.3' ><div class='av-parallax-inner main_color avia-full-stretch'><\/div><\/div><div class='container av-section-cont-open' style='height:500px'><main  role=\"main\" itemprop=\"mainContentOfPage\"  class='template-page content  av-content-full alpha units'><div class='post-entry post-entry-type-page post-entry-273'><div class='entry-content-wrapper clearfix'>\n<div class='flex_column_table av-la9sk264-89ec1618126e1c5d618b6fbb2c7f3834 sc-av_one_third av-equal-height-column-flextable'><div  class='flex_column av-la9sk264-89ec1618126e1c5d618b6fbb2c7f3834 av_one_third  avia-builder-el-1  el_before_av_two_third  avia-builder-el-first  first first flex_column_table_cell av-equal-height-column av-align-middle av-column-min-height-pc  '  data-av-column-min-height=\"{&quot;column-min-pc&quot;:&quot;100%&quot;,&quot;column-equal-height&quot;:true}\"   ><section  class='av_textblock_section av-la9sku7h-c0be6452697774569b1b06207baacdf0 '   itemscope=\"itemscope\" itemtype=\"https:\/\/schema.org\/CreativeWork\" ><div class='avia_textblock'  itemprop=\"text\" ><p>Piattaforma di dialogo sulla gestione dei pascoli e i grandi carnivori<\/p>\n<\/div><\/section><\/div><div class='av-flex-placeholder'><\/div><div  class='flex_column av-1x1cp-36bf5575e652b1c38324c7165df4ea8a av_two_third  avia-builder-el-3  el_after_av_one_third  avia-builder-el-last  flex_column_table_cell av-equal-height-column av-align-middle  '     ><\/div><\/div><!--close column table wrapper. Autoclose: 1 -->\n\n<\/div><\/div><\/main><!-- close content main element --><\/div><\/div><div id='av_section_2'  class='avia-section av-la9silkz-42403d41844cdfa0c4a1466b960257cd main_color avia-section-default avia-no-border-styling  avia-builder-el-4  el_after_av_section  el_before_av_section  avia-bg-style-scroll container_wrap fullsize'  ><div class='container av-section-cont-open' ><div class='template-page content  av-content-full alpha units'><div class='post-entry post-entry-type-page post-entry-273'><div class='entry-content-wrapper clearfix'>\n\n<style type=\"text\/css\" data-created_by=\"avia_inline_auto\" id=\"style-css-av-1ooqh-c2286962172ba71114e980ea5f3102db\">\n.flex_column.av-1ooqh-c2286962172ba71114e980ea5f3102db{\nborder-radius:0px 0px 0px 0px;\npadding:0px 0px 0px 0px;\n}\n<\/style>\n<div  class='flex_column av-1ooqh-c2286962172ba71114e980ea5f3102db av_one_full  avia-builder-el-5  avia-builder-el-no-sibling  first flex_column_div av-zero-column-padding  '     ><section  class='av_textblock_section av-w5q9-c93aa12ca368a215a6021ae53fd0b83b '   itemscope=\"itemscope\" itemtype=\"https:\/\/schema.org\/CreativeWork\" ><div class='avia_textblock'  itemprop=\"text\" ><h1 style=\"text-align: center;\">La piattaforma di dialogo<\/h1>\n<p style=\"text-align: left;\">Il crescente aumento del numero dei grandi predatori, in particolare del lupo, pone delle importanti sfide alle regioni di montagna. I dibattiti politici che vanno avanti da anni, sono diventati gradualmente pi\u00f9 divisivi. Tuttavia, le soluzioni al problema dei grandi carnivori possono essere trovate solo attraverso il dialogo. Tuttavia, le soluzioni alla problematica dei grandi predatori possono essere trovate solo attraverso il dialogo. La piattaforma \u00ab Gestione dei pascoli e dei grandi predatori \u00bb mira ad incoraggiare gli scambi di esperienze e la discussione tra i diversi gruppi di utilizzatori.<\/p>\n<p>In questo sito, sono disponibili diversi documenti relativi al tema dei grandi predatori :<\/p>\n<ul>\n<li>Pubblicazioni specifiche per la piattaforma di dialogo.<\/li>\n<li>Presentazioni visive realizzate per le riunioni della piattaforma di dialogo.<\/li>\n<li>Pubblicazioni provenienti da altri attori, a titolo informativo e come base di discussione.<\/li>\n<\/ul>\n<\/div><\/section><\/div>\n\n<\/div><\/div><\/div><!-- close content main div --><\/div><\/div><div id='av_section_3'  class='avia-section av-laaxa6qm-2cbf8e8777a268131b9b8e91f6e53128 alternate_color avia-section-default avia-shadow  avia-builder-el-7  el_after_av_section  el_before_av_section  avia-bg-style-scroll container_wrap fullsize'  ><div class='container av-section-cont-open' ><div class='template-page content  av-content-full alpha units'><div class='post-entry post-entry-type-page post-entry-273'><div class='entry-content-wrapper clearfix'>\n\n<style type=\"text\/css\" data-created_by=\"avia_inline_auto\" id=\"style-css-av-1hee1-8a6c9fb59a2271ab166111c46adcee18\">\n.flex_column.av-1hee1-8a6c9fb59a2271ab166111c46adcee18{\nborder-radius:0px 0px 0px 0px;\npadding:0px 0px 0px 0px;\n}\n<\/style>\n<div  class='flex_column av-1hee1-8a6c9fb59a2271ab166111c46adcee18 av_one_full  avia-builder-el-8  avia-builder-el-no-sibling  first flex_column_div av-zero-column-padding  '     ><section  class='av_textblock_section av-laax9fei-7b206430af16fe7bf75133ac2b51ed30 '   itemscope=\"itemscope\" itemtype=\"https:\/\/schema.org\/CreativeWork\" ><div class='avia_textblock'  itemprop=\"text\" ><h2 style=\"text-align: center;\">Attualit\u00e0<\/h2>\n<\/div><\/section><br \/>\n<div  data-slideshow-options=\"{&quot;animation&quot;:&quot;fade&quot;,&quot;autoplay&quot;:false,&quot;loop_autoplay&quot;:&quot;once&quot;,&quot;interval&quot;:5,&quot;loop_manual&quot;:&quot;manual-endless&quot;,&quot;autoplay_stopper&quot;:false,&quot;noNavigation&quot;:false,&quot;show_slide_delay&quot;:90}\" class='avia-content-slider avia-content-grid-active avia-content-slider1 avia-content-slider-odd  avia-builder-el-10  el_after_av_textblock  avia-builder-el-last  av-slideshow-ui av-control-default   av-no-slider-navigation av-slideshow-manual av-loop-once av-loop-manual-endless '  itemscope=\"itemscope\" itemtype=\"https:\/\/schema.org\/Blog\" ><div class=\"avia-content-slider-inner\"><div class=\"slide-entry-wrap\"><article class='slide-entry flex_column  post-entry post-entry-2046 slide-entry-overview slide-loop-1 slide-parity-odd  av_one_third first real-thumbnail posttype-post post-format-standard'  itemscope=\"itemscope\" itemtype=\"https:\/\/schema.org\/CreativeWork\" ><a href='https:\/\/weidemanagement.ch\/it\/evento-online-sul-tema-esperienze-e-soluzioni-per-la-gestione-delle-diverse-esigenze-di-utilizzo-agricoltura-sentieri-escursionistici-piste-ciclabili\/' data-rel='slide-1' class='slide-image' title='Dialogo tra agricoltura e turismo sulla gestione dei grandi predatori'><img decoding=\"async\" fetchpriority=\"high\" width=\"495\" height=\"400\" src=\"https:\/\/weidemanagement.ch\/wp-content\/uploads\/2026\/02\/Herdenschutz-Gde-Dixence-2-495x400.jpeg\" class=\"wp-image-2068 avia-img-lazy-loading-not-2068 attachment-portfolio size-portfolio wp-post-image\" alt=\"\" srcset=\"https:\/\/weidemanagement.ch\/wp-content\/uploads\/2026\/02\/Herdenschutz-Gde-Dixence-2-495x400.jpeg 495w, https:\/\/weidemanagement.ch\/wp-content\/uploads\/2026\/02\/Herdenschutz-Gde-Dixence-2-845x684.jpeg 845w\" sizes=\"(max-width: 495px) 100vw, 495px\" \/><\/a><div class=\"slide-content\"><header class=\"entry-content-header\" aria-label=\"Diapositiva: Dialogo tra agricoltura e turismo sulla gestione dei grandi predatori\"><h3 class='slide-entry-title entry-title '  itemprop=\"headline\" ><a href='https:\/\/weidemanagement.ch\/it\/evento-online-sul-tema-esperienze-e-soluzioni-per-la-gestione-delle-diverse-esigenze-di-utilizzo-agricoltura-sentieri-escursionistici-piste-ciclabili\/' title='Dialogo tra agricoltura e turismo sulla gestione dei grandi predatori'>Dialogo tra agricoltura e turismo sulla gestione dei grandi predatori<\/a><\/h3><span class=\"av-vertical-delimiter\"><\/span><\/header><div class=\"slide-meta\"><time class='slide-meta-time updated'  itemprop=\"datePublished\" datetime=\"2026-02-24T08:55:45+01:00\" >24 Febbraio 2026<\/time><\/div><div class='slide-entry-excerpt entry-content'  itemprop=\"text\" >Il 23 febbraio 2026, nell'ambito della piattaforma di dialogo sulla gestione dei pascoli e dei grandi predatori, si \u00e8 svolto uno scambio online tra rappresentanti dell'agricoltura, del turismo, della mobilit\u00e0 dolce e della prevenzione. L'accento \u00e8 stato posto sullo scambio di esperienze e sull'elaborazione di soluzioni nel contesto conflittuale della gestione dei pascoli, delle attivit\u00e0 ricreative e del ritorno dei grandi predatori.<\/div><\/div><footer class=\"entry-footer\"><\/footer><span class='hidden'>\n\t\t\t\t<span class='av-structured-data'  itemprop=\"image\" itemscope=\"itemscope\" itemtype=\"https:\/\/schema.org\/ImageObject\" >\n\t\t\t\t\t\t<span itemprop='url'>https:\/\/weidemanagement.ch\/wp-content\/uploads\/2026\/02\/Herdenschutz-Gde-Dixence-2-scaled.jpeg<\/span>\n\t\t\t\t\t\t<span itemprop='height'>2560<\/span>\n\t\t\t\t\t\t<span itemprop='width'>1920<\/span>\n\t\t\t\t<\/span>\n\t\t\t\t<span class='av-structured-data'  itemprop=\"publisher\" itemtype=\"https:\/\/schema.org\/Organization\" itemscope=\"itemscope\" >\n\t\t\t\t\t\t<span itemprop='name'>&#x69;&#110;&#x66;&#x6f;&#64;&#x77;&#101;i&#x64;&#101;m&#x61;&#110;a&#x67;&#101;m&#x65;&#110;&#x74;&#x2e;&#99;&#x68;<\/span>\n\t\t\t\t\t\t<span itemprop='logo' itemscope itemtype='https:\/\/schema.org\/ImageObject'>\n\t\t\t\t\t\t\t<span itemprop='url'><\/span>\n\t\t\t\t\t\t<\/span>\n\t\t\t\t<\/span><span class='av-structured-data'  itemprop=\"author\" itemscope=\"itemscope\" itemtype=\"https:\/\/schema.org\/Person\" ><span itemprop='name'>&#105;&#x6e;&#102;&#x6f;&#64;&#x77;&#101;&#x69;d&#x65;m&#x61;n&#x61;g&#101;&#x6d;&#101;&#x6e;&#116;&#x2e;&#99;&#x68;<\/span><\/span><span class='av-structured-data'  itemprop=\"datePublished\" datetime=\"2019-06-04T10:19:52+02:00\" >2026-02-24 08:55:45<\/span><span class='av-structured-data'  itemprop=\"dateModified\" itemtype=\"https:\/\/schema.org\/dateModified\" >2026-02-25 09:12:24<\/span><span class='av-structured-data'  itemprop=\"mainEntityOfPage\" itemtype=\"https:\/\/schema.org\/mainEntityOfPage\" ><span itemprop='name'>Dialogo tra agricoltura e turismo sulla gestione dei grandi predatori<\/span><\/span><\/span><\/article><article class='slide-entry flex_column  post-entry post-entry-1430 slide-entry-overview slide-loop-2 slide-parity-even  av_one_third  real-thumbnail posttype-post post-format-standard'  itemscope=\"itemscope\" itemtype=\"https:\/\/schema.org\/CreativeWork\" ><a href='https:\/\/weidemanagement.ch\/it\/organizzazione-nei-cantoni-per-la-gestione-dei-grandi-carnivori\/' data-rel='slide-1' class='slide-image' title='Organizzazione nei cantoni per la gestione dei grandi carnivori'><img decoding=\"async\" fetchpriority=\"high\" width=\"495\" height=\"400\" src=\"https:\/\/weidemanagement.ch\/wp-content\/uploads\/2023\/05\/Bericht_Kantone-1-495x400.png\" class=\"wp-image-1251 avia-img-lazy-loading-not-1251 attachment-portfolio size-portfolio wp-post-image\" alt=\"\" srcset=\"https:\/\/weidemanagement.ch\/wp-content\/uploads\/2023\/05\/Bericht_Kantone-1-495x400.png 495w, https:\/\/weidemanagement.ch\/wp-content\/uploads\/2023\/05\/Bericht_Kantone-1-845x684.png 845w\" sizes=\"(max-width: 495px) 100vw, 495px\" \/><\/a><div class=\"slide-content\"><header class=\"entry-content-header\" aria-label=\"Diapositiva: Organizzazione nei cantoni per la gestione dei grandi carnivori\"><h3 class='slide-entry-title entry-title '  itemprop=\"headline\" ><a href='https:\/\/weidemanagement.ch\/it\/organizzazione-nei-cantoni-per-la-gestione-dei-grandi-carnivori\/' title='Organizzazione nei cantoni per la gestione dei grandi carnivori'>Organizzazione nei cantoni per la gestione dei grandi carnivori<\/a><\/h3><span class=\"av-vertical-delimiter\"><\/span><\/header><div class=\"slide-meta\"><time class='slide-meta-time updated'  itemprop=\"datePublished\" datetime=\"2023-05-24T11:07:04+02:00\" >24 Maggio 2023<\/time><\/div><div class='slide-entry-excerpt entry-content'  itemprop=\"text\" >\nI lupi compaiono in un numero sempre maggiore di cantoni, con\u2026<\/div><\/div><footer class=\"entry-footer\"><\/footer><span class='hidden'>\n\t\t\t\t<span class='av-structured-data'  itemprop=\"image\" itemscope=\"itemscope\" itemtype=\"https:\/\/schema.org\/ImageObject\" >\n\t\t\t\t\t\t<span itemprop='url'>https:\/\/weidemanagement.ch\/wp-content\/uploads\/2023\/05\/Bericht_Kantone-1.png<\/span>\n\t\t\t\t\t\t<span itemprop='height'>727<\/span>\n\t\t\t\t\t\t<span itemprop='width'>995<\/span>\n\t\t\t\t<\/span>\n\t\t\t\t<span class='av-structured-data'  itemprop=\"publisher\" itemtype=\"https:\/\/schema.org\/Organization\" itemscope=\"itemscope\" >\n\t\t\t\t\t\t<span itemprop='name'>&#105;&#x6e;f&#111;&#x40;w&#x65;&#x69;&#100;&#x65;m&#97;&#x6e;a&#103;&#x65;&#109;&#x65;n&#116;&#x2e;c&#104;<\/span>\n\t\t\t\t\t\t<span itemprop='logo' itemscope itemtype='https:\/\/schema.org\/ImageObject'>\n\t\t\t\t\t\t\t<span itemprop='url'><\/span>\n\t\t\t\t\t\t<\/span>\n\t\t\t\t<\/span><span class='av-structured-data'  itemprop=\"author\" itemscope=\"itemscope\" itemtype=\"https:\/\/schema.org\/Person\" ><span itemprop='name'>&#x69;n&#x66;&#111;&#64;&#x77;&#101;&#x69;&#100;e&#x6d;&#97;&#x6e;&#97;g&#x65;&#109;&#x65;&#x6e;t&#x2e;&#99;h<\/span><\/span><span class='av-structured-data'  itemprop=\"datePublished\" datetime=\"2019-06-04T10:19:52+02:00\" >2023-05-24 11:07:04<\/span><span class='av-structured-data'  itemprop=\"dateModified\" itemtype=\"https:\/\/schema.org\/dateModified\" >2023-06-12 13:49:11<\/span><span class='av-structured-data'  itemprop=\"mainEntityOfPage\" itemtype=\"https:\/\/schema.org\/mainEntityOfPage\" ><span itemprop='name'>Organizzazione nei cantoni per la gestione dei grandi carnivori<\/span><\/span><\/span><\/article><article class='slide-entry flex_column  post-entry post-entry-1432 slide-entry-overview slide-loop-3 slide-parity-odd  post-entry-last  av_one_third  real-thumbnail posttype-post post-format-standard'  itemscope=\"itemscope\" itemtype=\"https:\/\/schema.org\/CreativeWork\" ><a href='https:\/\/weidemanagement.ch\/it\/nuova-guida-cooperazione-tra-agricoltura-e-turismo-in-caso-di-presenza-del-lupo\/' data-rel='slide-1' class='slide-image' title='Nuova guida: Cooperazione tra agricoltura e turismo in caso di presenza del lupo'><img decoding=\"async\" fetchpriority=\"high\" width=\"495\" height=\"400\" src=\"https:\/\/weidemanagement.ch\/wp-content\/uploads\/2023\/05\/Wanderweg-SAV-495x400.jpg\" class=\"wp-image-666 avia-img-lazy-loading-not-666 attachment-portfolio size-portfolio wp-post-image\" alt=\"\" srcset=\"https:\/\/weidemanagement.ch\/wp-content\/uploads\/2023\/05\/Wanderweg-SAV-495x400.jpg 495w, https:\/\/weidemanagement.ch\/wp-content\/uploads\/2023\/05\/Wanderweg-SAV-845x684.jpg 845w\" sizes=\"(max-width: 495px) 100vw, 495px\" \/><\/a><div class=\"slide-content\"><header class=\"entry-content-header\" aria-label=\"Diapositiva: Nuova guida: Cooperazione tra agricoltura e turismo in caso di presenza del lupo\"><h3 class='slide-entry-title entry-title '  itemprop=\"headline\" ><a href='https:\/\/weidemanagement.ch\/it\/nuova-guida-cooperazione-tra-agricoltura-e-turismo-in-caso-di-presenza-del-lupo\/' title='Nuova guida: Cooperazione tra agricoltura e turismo in caso di presenza del lupo'>Nuova guida: Cooperazione tra agricoltura e turismo in caso di presenza del lupo<\/a><\/h3><span class=\"av-vertical-delimiter\"><\/span><\/header><div class=\"slide-meta\"><time class='slide-meta-time updated'  itemprop=\"datePublished\" datetime=\"2023-05-22T09:42:12+02:00\" >22 Maggio 2023<\/time><\/div><div class='slide-entry-excerpt entry-content'  itemprop=\"text\" >\nLa prossima stagione di pascolo e alpeggio inizier\u00e0 presto.\u2026<\/div><\/div><footer class=\"entry-footer\"><\/footer><span class='hidden'>\n\t\t\t\t<span class='av-structured-data'  itemprop=\"image\" itemscope=\"itemscope\" itemtype=\"https:\/\/schema.org\/ImageObject\" >\n\t\t\t\t\t\t<span itemprop='url'>https:\/\/weidemanagement.ch\/wp-content\/uploads\/2023\/05\/Wanderweg-SAV-scaled.jpg<\/span>\n\t\t\t\t\t\t<span itemprop='height'>1920<\/span>\n\t\t\t\t\t\t<span itemprop='width'>2560<\/span>\n\t\t\t\t<\/span>\n\t\t\t\t<span class='av-structured-data'  itemprop=\"publisher\" itemtype=\"https:\/\/schema.org\/Organization\" itemscope=\"itemscope\" >\n\t\t\t\t\t\t<span itemprop='name'>&#x69;n&#x66;&#111;&#x40;&#119;&#x65;&#x69;d&#x65;&#109;&#x61;&#110;&#x61;&#103;e&#x6d;&#101;&#x6e;&#116;&#x2e;&#99;h<\/span>\n\t\t\t\t\t\t<span itemprop='logo' itemscope itemtype='https:\/\/schema.org\/ImageObject'>\n\t\t\t\t\t\t\t<span itemprop='url'><\/span>\n\t\t\t\t\t\t<\/span>\n\t\t\t\t<\/span><span class='av-structured-data'  itemprop=\"author\" itemscope=\"itemscope\" itemtype=\"https:\/\/schema.org\/Person\" ><span itemprop='name'>&#105;&#x6e;&#102;&#x6f;&#64;&#x77;e&#105;&#x64;&#101;&#x6d;&#97;&#x6e;a&#x67;e&#109;&#x65;&#110;&#x74;&#46;&#x63;h<\/span><\/span><span class='av-structured-data'  itemprop=\"datePublished\" datetime=\"2019-06-04T10:19:52+02:00\" >2023-05-22 09:42:12<\/span><span class='av-structured-data'  itemprop=\"dateModified\" itemtype=\"https:\/\/schema.org\/dateModified\" >2023-06-12 13:49:44<\/span><span class='av-structured-data'  itemprop=\"mainEntityOfPage\" itemtype=\"https:\/\/schema.org\/mainEntityOfPage\" ><span itemprop='name'>Nuova guida: Cooperazione tra agricoltura e turismo in caso di presenza del lupo<\/span><\/span><\/span><\/article><\/div><\/div><\/div><\/p><\/div>\n\n<\/div><\/div><\/div><!-- close content main div --><\/div><\/div><div id='av_section_4'  class='avia-section av-laaxbvh5-578695e73c7852c9382e8ee185db28b7 main_color avia-section-default avia-shadow  avia-builder-el-11  el_after_av_section  avia-builder-el-last  avia-bg-style-scroll container_wrap fullsize'  ><div class='container av-section-cont-open' ><div class='template-page content  av-content-full alpha units'><div class='post-entry post-entry-type-page post-entry-273'><div class='entry-content-wrapper clearfix'>\n\n<style type=\"text\/css\" data-created_by=\"avia_inline_auto\" id=\"style-css-av-nx1p-b2b1665122e28b56cc3c12cab1547f7f\">\n.flex_column.av-nx1p-b2b1665122e28b56cc3c12cab1547f7f{\nborder-radius:0px 0px 0px 0px;\npadding:0px 0px 0px 0px;\n}\n<\/style>\n<div  class='flex_column av-nx1p-b2b1665122e28b56cc3c12cab1547f7f av_one_full  avia-builder-el-12  avia-builder-el-no-sibling  first flex_column_div av-zero-column-padding  '     ><section  class='av_textblock_section av-laaxbagv-acfdb3d3b1624393484827023900be5f '   itemscope=\"itemscope\" itemtype=\"https:\/\/schema.org\/CreativeWork\" ><div class='avia_textblock'  itemprop=\"text\" ><h2 style=\"text-align: center;\">Piattaforma dinamica<\/h2>\n<p style=\"text-align: center;\">In questo sito, troverete una selezione di documenti e dei link utili riguardanti i grandi predatori. \u00c8 importante che la piattaforma possa evolversi costantemente. Per questo motivo vi preghiamo di inviarci i documenti che desideriate che vi siano pubblicati e che corrispondano agli obiettivi della piattaforma di dialogo al seguente indirizzo :<\/p>\n<p style=\"text-align: center;\"><a href=\"&#109;&#x61;&#x69;&#108;&#x74;&#x6f;&#58;&#x69;&#x6e;&#102;&#x6f;&#x40;&#115;&#x61;&#x62;&#46;&#x63;&#x68;\"> i&#110;&#102;&#x6f;&#x40;&#x73;ab&#46;&#99;&#x68;<\/a><\/p>\n<p style=\"text-align: center;\">Grazie mille !<\/p>\n<p style=\"text-align: center;\">&#8230;<\/p>\n<\/div><\/section><\/div>\n","protected":false},"excerpt":{"rendered":"","protected":false},"author":3,"featured_media":0,"parent":0,"menu_order":0,"comment_status":"closed","ping_status":"closed","template":"","meta":{"footnotes":""},"class_list":["post-273","page","type-page","status-publish","hentry"],"yoast_head":"<!-- This site is optimized with the Yoast SEO plugin v27.4 - https:\/\/yoast.com\/product\/yoast-seo-wordpress\/ -->\n<title>Home - weidemanagement.ch<\/title>\n<meta name=\"robots\" content=\"index, follow, max-snippet:-1, max-image-preview:large, max-video-preview:-1\" \/>\n<link rel=\"canonical\" href=\"https:\/\/weidemanagement.ch\/it\/\" \/>\n<meta property=\"og:locale\" content=\"it_IT\" \/>\n<meta property=\"og:type\" content=\"article\" \/>\n<meta property=\"og:title\" content=\"Home - weidemanagement.ch\" \/>\n<meta property=\"og:url\" content=\"https:\/\/weidemanagement.ch\/it\/\" \/>\n<meta property=\"og:site_name\" content=\"weidemanagement.ch\" \/>\n<meta property=\"article:modified_time\" content=\"2023-06-12T09:37:03+00:00\" \/>\n<meta name=\"twitter:card\" content=\"summary_large_image\" \/>\n<meta name=\"twitter:label1\" content=\"Tempo di lettura stimato\" \/>\n\t<meta name=\"twitter:data1\" content=\"5 minuti\" \/>\n<script type=\"application\/ld+json\" class=\"yoast-schema-graph\">{\"@context\":\"https:\\\/\\\/schema.org\",\"@graph\":[{\"@type\":\"WebPage\",\"@id\":\"https:\\\/\\\/weidemanagement.ch\\\/it\\\/\",\"url\":\"https:\\\/\\\/weidemanagement.ch\\\/it\\\/\",\"name\":\"Home - weidemanagement.ch\",\"isPartOf\":{\"@id\":\"https:\\\/\\\/weidemanagement.ch\\\/it\\\/#website\"},\"datePublished\":\"2019-06-04T08:19:52+00:00\",\"dateModified\":\"2023-06-12T09:37:03+00:00\",\"breadcrumb\":{\"@id\":\"https:\\\/\\\/weidemanagement.ch\\\/it\\\/#breadcrumb\"},\"inLanguage\":\"it-IT\",\"potentialAction\":[{\"@type\":\"ReadAction\",\"target\":[\"https:\\\/\\\/weidemanagement.ch\\\/it\\\/\"]}]},{\"@type\":\"BreadcrumbList\",\"@id\":\"https:\\\/\\\/weidemanagement.ch\\\/it\\\/#breadcrumb\",\"itemListElement\":[{\"@type\":\"ListItem\",\"position\":1,\"name\":\"Startseite\",\"item\":\"https:\\\/\\\/weidemanagement.ch\\\/it\\\/home\\\/\"},{\"@type\":\"ListItem\",\"position\":2,\"name\":\"Home\"}]},{\"@type\":\"WebSite\",\"@id\":\"https:\\\/\\\/weidemanagement.ch\\\/it\\\/#website\",\"url\":\"https:\\\/\\\/weidemanagement.ch\\\/it\\\/\",\"name\":\"weidemanagement.ch\",\"description\":\"\",\"potentialAction\":[{\"@type\":\"SearchAction\",\"target\":{\"@type\":\"EntryPoint\",\"urlTemplate\":\"https:\\\/\\\/weidemanagement.ch\\\/it\\\/?s={search_term_string}\"},\"query-input\":{\"@type\":\"PropertyValueSpecification\",\"valueRequired\":true,\"valueName\":\"search_term_string\"}}],\"inLanguage\":\"it-IT\"}]}<\/script>\n<!-- \/ Yoast SEO plugin. -->","yoast_head_json":{"title":"Home - weidemanagement.ch","robots":{"index":"index","follow":"follow","max-snippet":"max-snippet:-1","max-image-preview":"max-image-preview:large","max-video-preview":"max-video-preview:-1"},"canonical":"https:\/\/weidemanagement.ch\/it\/","og_locale":"it_IT","og_type":"article","og_title":"Home - weidemanagement.ch","og_url":"https:\/\/weidemanagement.ch\/it\/","og_site_name":"weidemanagement.ch","article_modified_time":"2023-06-12T09:37:03+00:00","twitter_card":"summary_large_image","twitter_misc":{"Tempo di lettura stimato":"5 minuti"},"schema":{"@context":"https:\/\/schema.org","@graph":[{"@type":"WebPage","@id":"https:\/\/weidemanagement.ch\/it\/","url":"https:\/\/weidemanagement.ch\/it\/","name":"Home - weidemanagement.ch","isPartOf":{"@id":"https:\/\/weidemanagement.ch\/it\/#website"},"datePublished":"2019-06-04T08:19:52+00:00","dateModified":"2023-06-12T09:37:03+00:00","breadcrumb":{"@id":"https:\/\/weidemanagement.ch\/it\/#breadcrumb"},"inLanguage":"it-IT","potentialAction":[{"@type":"ReadAction","target":["https:\/\/weidemanagement.ch\/it\/"]}]},{"@type":"BreadcrumbList","@id":"https:\/\/weidemanagement.ch\/it\/#breadcrumb","itemListElement":[{"@type":"ListItem","position":1,"name":"Startseite","item":"https:\/\/weidemanagement.ch\/it\/home\/"},{"@type":"ListItem","position":2,"name":"Home"}]},{"@type":"WebSite","@id":"https:\/\/weidemanagement.ch\/it\/#website","url":"https:\/\/weidemanagement.ch\/it\/","name":"weidemanagement.ch","description":"","potentialAction":[{"@type":"SearchAction","target":{"@type":"EntryPoint","urlTemplate":"https:\/\/weidemanagement.ch\/it\/?s={search_term_string}"},"query-input":{"@type":"PropertyValueSpecification","valueRequired":true,"valueName":"search_term_string"}}],"inLanguage":"it-IT"}]}},"_links":{"self":[{"href":"https:\/\/weidemanagement.ch\/it\/wp-json\/wp\/v2\/pages\/273","targetHints":{"allow":["GET"]}}],"collection":[{"href":"https:\/\/weidemanagement.ch\/it\/wp-json\/wp\/v2\/pages"}],"about":[{"href":"https:\/\/weidemanagement.ch\/it\/wp-json\/wp\/v2\/types\/page"}],"author":[{"embeddable":true,"href":"https:\/\/weidemanagement.ch\/it\/wp-json\/wp\/v2\/users\/3"}],"replies":[{"embeddable":true,"href":"https:\/\/weidemanagement.ch\/it\/wp-json\/wp\/v2\/comments?post=273"}],"version-history":[{"count":15,"href":"https:\/\/weidemanagement.ch\/it\/wp-json\/wp\/v2\/pages\/273\/revisions"}],"predecessor-version":[{"id":1436,"href":"https:\/\/weidemanagement.ch\/it\/wp-json\/wp\/v2\/pages\/273\/revisions\/1436"}],"wp:attachment":[{"href":"https:\/\/weidemanagement.ch\/it\/wp-json\/wp\/v2\/media?parent=273"}],"curies":[{"name":"wp","href":"https:\/\/api.w.org\/{rel}","templated":true}]}}